{"id":3407,"date":"2020-02-23T10:58:13","date_gmt":"2020-02-23T09:58:13","guid":{"rendered":"https:\/\/ambalaza-kartonska.com\/\/?post_type=product&#038;p=3407"},"modified":"2026-02-02T16:14:17","modified_gmt":"2026-02-02T15:14:17","slug":"stancana-kutija-kt-ge-18010065mm-sloziva","status":"publish","type":"product","link":"https:\/\/ambalaza-kartonska.com\/en\/proizvod\/stancana-kutija-kt-ge-18010065mm-sloziva\/","title":{"rendered":"\u0160tancana kutija KT\/GE 180*100*65mm slo\u017eiva"},"content":{"rendered":"<p>\u0160tancana kutija KT\/GE 180*100*65mm<\/p>\n","protected":false},"excerpt":{"rendered":"<p>Dimenzija : KT\/GE 180*100*65mm<br \/>\nPakiranje : 25 kom.<br \/>\nNa\u010din izrade : \u0161tancana ambala\u017ea<\/p>\n<p>Materijal : \u010detveroslojni rebrasti<br \/>\nMogu\u0107nost slijepog tiska<br \/>\nMogu\u0107nost ka\u0161iranja &#8211; vi\u0161ebojni tisak<\/p>\n","protected":false},"featured_media":3408,"template":"","meta":[],"product_brand":[],"product_cat":[47],"product_tag":[69,87,63,156,157,79,83,62,70,86,85,84,82,81,73],"class_list":{"0":"post-3407","1":"product","2":"type-product","3":"status-publish","4":"has-post-thumbnail","6":"product_cat-slozive-kutije-mailer-boxes-web-shop-friendly","7":"product_tag-ambalaza","8":"product_tag-ambalaza-za-pivo","9":"product_tag-craft-pivo","10":"product_tag-dnopoklopac","11":"product_tag-fefco-0427","12":"product_tag-kartonske-kutije","13":"product_tag-kraft-pivo","14":"product_tag-kutija-za-pivo","15":"product_tag-kutije-za-boce","16":"product_tag-kutije-za-craft-pivo","17":"product_tag-kutije-za-pive","18":"product_tag-kutije-za-pivo","19":"product_tag-piva","20":"product_tag-pivo","21":"product_tag-slozive-kutije","23":"first","24":"outofstock","25":"featured","26":"taxable","27":"shipping-taxable","28":"purchasable","29":"product-type-simple"},"_links":{"self":[{"href":"https:\/\/ambalaza-kartonska.com\/en\/wp-json\/wp\/v2\/product\/3407","targetHints":{"allow":["GET"]}}],"collection":[{"href":"https:\/\/ambalaza-kartonska.com\/en\/wp-json\/wp\/v2\/product"}],"about":[{"href":"https:\/\/ambalaza-kartonska.com\/en\/wp-json\/wp\/v2\/types\/product"}],"wp:featuredmedia":[{"embeddable":true,"href":"https:\/\/ambalaza-kartonska.com\/en\/wp-json\/wp\/v2\/media\/3408"}],"wp:attachment":[{"href":"https:\/\/ambalaza-kartonska.com\/en\/wp-json\/wp\/v2\/media?parent=3407"}],"wp:term":[{"taxonomy":"product_brand","embeddable":true,"href":"https:\/\/ambalaza-kartonska.com\/en\/wp-json\/wp\/v2\/product_brand?post=3407"},{"taxonomy":"product_cat","embeddable":true,"href":"https:\/\/ambalaza-kartonska.com\/en\/wp-json\/wp\/v2\/product_cat?post=3407"},{"taxonomy":"product_tag","embeddable":true,"href":"https:\/\/ambalaza-kartonska.com\/en\/wp-json\/wp\/v2\/product_tag?post=3407"}],"curies":[{"name":"wp","href":"https:\/\/api.w.org\/{rel}","templated":true}]}}