{"id":336,"date":"2011-04-29T22:36:27","date_gmt":"2011-04-29T22:36:27","guid":{"rendered":"https:\/\/ambalaza-kartonska.com\/?product=sloziva-kutija-bk-e-200-130-45mm"},"modified":"2026-02-02T16:14:30","modified_gmt":"2026-02-02T15:14:30","slug":"sloziva-kutija-bk-e-20012545mm","status":"publish","type":"product","link":"https:\/\/ambalaza-kartonska.com\/en\/proizvod\/sloziva-kutija-bk-e-20012545mm\/","title":{"rendered":"Slo\u017eiva kutija BK\/e 200*125*45mm"},"content":{"rendered":"<p>Slo\u017eiva kutija BK\/e 200*125*45mm<\/p>\n","protected":false},"excerpt":{"rendered":"<p>Dimenzija : 200*125*45mm<br \/>\nMaterijal : troslojni bijelo bijeli\u00a0 e val<br \/>\nPakiranje : 25 kom.<br \/>\nNa\u010din izrade : \u0161tancana ambala\u017ea<br \/>\nMogu\u0107nost tiska<br \/>\nMogu\u0107nost ka\u0161iranja<\/p>\n","protected":false},"featured_media":334,"template":"","meta":[],"product_brand":[],"product_cat":[47],"product_tag":[69,168,160,68,65,164,73],"class_list":{"0":"post-336","1":"product","2":"type-product","3":"status-publish","4":"has-post-thumbnail","6":"product_cat-slozive-kutije-mailer-boxes-web-shop-friendly","7":"product_tag-ambalaza","8":"product_tag-kasirana-kutija","9":"product_tag-poklon-ambalaza","10":"product_tag-poklon-kutija","11":"product_tag-poklon-kutije","12":"product_tag-sloziva-kutija","13":"product_tag-slozive-kutije","15":"first","16":"instock","17":"taxable","18":"shipping-taxable","19":"purchasable","20":"product-type-simple"},"_links":{"self":[{"href":"https:\/\/ambalaza-kartonska.com\/en\/wp-json\/wp\/v2\/product\/336","targetHints":{"allow":["GET"]}}],"collection":[{"href":"https:\/\/ambalaza-kartonska.com\/en\/wp-json\/wp\/v2\/product"}],"about":[{"href":"https:\/\/ambalaza-kartonska.com\/en\/wp-json\/wp\/v2\/types\/product"}],"wp:featuredmedia":[{"embeddable":true,"href":"https:\/\/ambalaza-kartonska.com\/en\/wp-json\/wp\/v2\/media\/334"}],"wp:attachment":[{"href":"https:\/\/ambalaza-kartonska.com\/en\/wp-json\/wp\/v2\/media?parent=336"}],"wp:term":[{"taxonomy":"product_brand","embeddable":true,"href":"https:\/\/ambalaza-kartonska.com\/en\/wp-json\/wp\/v2\/product_brand?post=336"},{"taxonomy":"product_cat","embeddable":true,"href":"https:\/\/ambalaza-kartonska.com\/en\/wp-json\/wp\/v2\/product_cat?post=336"},{"taxonomy":"product_tag","embeddable":true,"href":"https:\/\/ambalaza-kartonska.com\/en\/wp-json\/wp\/v2\/product_tag?post=336"}],"curies":[{"name":"wp","href":"https:\/\/api.w.org\/{rel}","templated":true}]}}