{"id":327,"date":"2011-04-29T22:28:28","date_gmt":"2011-04-29T22:28:28","guid":{"rendered":"https:\/\/ambalaza-kartonska.com\/?product=kuverte-vrecice-300-x-400-bb-strip"},"modified":"2026-02-10T07:16:22","modified_gmt":"2026-02-10T06:16:22","slug":"sloziva-kutija-bk-e-23017077mm","status":"publish","type":"product","link":"https:\/\/ambalaza-kartonska.com\/en\/proizvod\/sloziva-kutija-bk-e-23017077mm\/","title":{"rendered":"Slo\u017eiva kutija BK\/e 230*170*77mm"},"content":{"rendered":"<p>Slo\u017eiva kutija BK\/e 230*170*77mm<\/p>\n","protected":false},"excerpt":{"rendered":"<p>Dimenzija : 230*170*77mm<br \/>\nMaterijal : troslojni bijelo\/bijeli e val<br \/>\nPakiranje : 25 kom.<br \/>\nNa\u010din izrade : \u0161tancana ambala\u017ea<br \/>\nMogu\u0107nost tiska<br \/>\nMogu\u0107nost ka\u0161iranja<\/p>\n","protected":false},"featured_media":325,"template":"","meta":[],"product_brand":[],"product_cat":[47],"product_tag":[69,613,79,168,614,160,68,65,164,73],"class_list":{"0":"post-327","1":"product","2":"type-product","3":"status-publish","4":"has-post-thumbnail","6":"product_cat-slozive-kutije-mailer-boxes-web-shop-friendly","7":"product_tag-ambalaza","8":"product_tag-e-commerce-kutije","9":"product_tag-kartonske-kutije","10":"product_tag-kasirana-kutija","11":"product_tag-kutije-za-slanje","12":"product_tag-poklon-ambalaza","13":"product_tag-poklon-kutija","14":"product_tag-poklon-kutije","15":"product_tag-sloziva-kutija","16":"product_tag-slozive-kutije","18":"first","19":"instock","20":"taxable","21":"shipping-taxable","22":"purchasable","23":"product-type-simple"},"_links":{"self":[{"href":"https:\/\/ambalaza-kartonska.com\/en\/wp-json\/wp\/v2\/product\/327","targetHints":{"allow":["GET"]}}],"collection":[{"href":"https:\/\/ambalaza-kartonska.com\/en\/wp-json\/wp\/v2\/product"}],"about":[{"href":"https:\/\/ambalaza-kartonska.com\/en\/wp-json\/wp\/v2\/types\/product"}],"wp:featuredmedia":[{"embeddable":true,"href":"https:\/\/ambalaza-kartonska.com\/en\/wp-json\/wp\/v2\/media\/325"}],"wp:attachment":[{"href":"https:\/\/ambalaza-kartonska.com\/en\/wp-json\/wp\/v2\/media?parent=327"}],"wp:term":[{"taxonomy":"product_brand","embeddable":true,"href":"https:\/\/ambalaza-kartonska.com\/en\/wp-json\/wp\/v2\/product_brand?post=327"},{"taxonomy":"product_cat","embeddable":true,"href":"https:\/\/ambalaza-kartonska.com\/en\/wp-json\/wp\/v2\/product_cat?post=327"},{"taxonomy":"product_tag","embeddable":true,"href":"https:\/\/ambalaza-kartonska.com\/en\/wp-json\/wp\/v2\/product_tag?post=327"}],"curies":[{"name":"wp","href":"https:\/\/api.w.org\/{rel}","templated":true}]}}