{"id":324,"date":"2011-04-29T22:25:04","date_gmt":"2011-04-29T22:25:04","guid":{"rendered":"https:\/\/ambalaza-kartonska.com\/?product=kartonska-vrecica-za-tri-butelje-2k-e-240x80x305mm"},"modified":"2026-02-02T16:14:30","modified_gmt":"2026-02-02T15:14:30","slug":"kartonska-vrecica-za-tri-butelje-2k-e-240x80x305mm","status":"publish","type":"product","link":"https:\/\/ambalaza-kartonska.com\/en\/proizvod\/kartonska-vrecica-za-tri-butelje-2k-e-240x80x305mm\/","title":{"rendered":"Kartonska vre\u0107ica za tri butelje 2K\/e 240x80x305mm"},"content":{"rendered":"<p>Kartonska vre\u0107ica za tri butelje 2K\/e 240x80x305mm<\/p>\n","protected":false},"excerpt":{"rendered":"<p>Dimenzija : 240x80x305mm<br \/>\nMaterijal : troslojni sme\u0111i e val<br \/>\nPakiranje : 50 kom.<br \/>\nNa\u010din izrade : \u0161tancana ambala\u017ea<br \/>\nMogu\u0107nost tiska<br \/>\nMogu\u0107nost ka\u0161iranja<br \/>\nVre\u0107ica za tri butelje<\/p>\n","protected":false},"featured_media":323,"template":"","meta":[],"product_brand":[],"product_cat":[29],"product_tag":[69,613,79,168,614,160,68,65,164,73],"class_list":{"0":"post-324","1":"product","2":"type-product","3":"status-publish","4":"has-post-thumbnail","6":"product_cat-kartonske-vrecice","7":"product_tag-ambalaza","8":"product_tag-e-commerce-kutije","9":"product_tag-kartonske-kutije","10":"product_tag-kasirana-kutija","11":"product_tag-kutije-za-slanje","12":"product_tag-poklon-ambalaza","13":"product_tag-poklon-kutija","14":"product_tag-poklon-kutije","15":"product_tag-sloziva-kutija","16":"product_tag-slozive-kutije","18":"first","19":"instock","20":"taxable","21":"shipping-taxable","22":"purchasable","23":"product-type-simple"},"_links":{"self":[{"href":"https:\/\/ambalaza-kartonska.com\/en\/wp-json\/wp\/v2\/product\/324","targetHints":{"allow":["GET"]}}],"collection":[{"href":"https:\/\/ambalaza-kartonska.com\/en\/wp-json\/wp\/v2\/product"}],"about":[{"href":"https:\/\/ambalaza-kartonska.com\/en\/wp-json\/wp\/v2\/types\/product"}],"wp:featuredmedia":[{"embeddable":true,"href":"https:\/\/ambalaza-kartonska.com\/en\/wp-json\/wp\/v2\/media\/323"}],"wp:attachment":[{"href":"https:\/\/ambalaza-kartonska.com\/en\/wp-json\/wp\/v2\/media?parent=324"}],"wp:term":[{"taxonomy":"product_brand","embeddable":true,"href":"https:\/\/ambalaza-kartonska.com\/en\/wp-json\/wp\/v2\/product_brand?post=324"},{"taxonomy":"product_cat","embeddable":true,"href":"https:\/\/ambalaza-kartonska.com\/en\/wp-json\/wp\/v2\/product_cat?post=324"},{"taxonomy":"product_tag","embeddable":true,"href":"https:\/\/ambalaza-kartonska.com\/en\/wp-json\/wp\/v2\/product_tag?post=324"}],"curies":[{"name":"wp","href":"https:\/\/api.w.org\/{rel}","templated":true}]}}