{"id":277,"date":"2011-04-20T07:44:28","date_gmt":"2011-04-20T07:44:28","guid":{"rendered":"https:\/\/ambalaza-kartonska.com\/?product=kutija-za-3-cd-ak-2k-b-145-130-35mm"},"modified":"2026-02-02T16:14:31","modified_gmt":"2026-02-02T15:14:31","slug":"kutija-za-3-cd-ak-2k-b-145-130-35mm","status":"publish","type":"product","link":"https:\/\/ambalaza-kartonska.com\/en\/proizvod\/kutija-za-3-cd-ak-2k-b-145-130-35mm\/","title":{"rendered":"Kutija za 3 CD-a 2K\/b 145*130*35mm"},"content":{"rendered":"<p>Kutija za 3 CD-a 2K\/b 145*130*35mm<\/p>\n","protected":false},"excerpt":{"rendered":"<p>Dimenzija : 145*130*35mm<br \/>\nMaterijal : sme\u0111i b-val<br \/>\nPakiranje : 20 kom.<br \/>\nNa\u010din izrade : \u0161tancana ambala\u017ea<br \/>\nMogu\u0107nost tiska<\/p>\n","protected":false},"featured_media":276,"template":"","meta":[],"product_brand":[],"product_cat":[48],"product_tag":[69,79,78,77],"class_list":{"0":"post-277","1":"product","2":"type-product","3":"status-publish","4":"has-post-thumbnail","6":"product_cat-uredski-asortiman","7":"product_tag-ambalaza","8":"product_tag-kartonske-kutije","9":"product_tag-kutija-za-cd","10":"product_tag-kutije-za-cd","12":"first","13":"instock","14":"taxable","15":"shipping-taxable","16":"purchasable","17":"product-type-simple"},"_links":{"self":[{"href":"https:\/\/ambalaza-kartonska.com\/en\/wp-json\/wp\/v2\/product\/277","targetHints":{"allow":["GET"]}}],"collection":[{"href":"https:\/\/ambalaza-kartonska.com\/en\/wp-json\/wp\/v2\/product"}],"about":[{"href":"https:\/\/ambalaza-kartonska.com\/en\/wp-json\/wp\/v2\/types\/product"}],"wp:featuredmedia":[{"embeddable":true,"href":"https:\/\/ambalaza-kartonska.com\/en\/wp-json\/wp\/v2\/media\/276"}],"wp:attachment":[{"href":"https:\/\/ambalaza-kartonska.com\/en\/wp-json\/wp\/v2\/media?parent=277"}],"wp:term":[{"taxonomy":"product_brand","embeddable":true,"href":"https:\/\/ambalaza-kartonska.com\/en\/wp-json\/wp\/v2\/product_brand?post=277"},{"taxonomy":"product_cat","embeddable":true,"href":"https:\/\/ambalaza-kartonska.com\/en\/wp-json\/wp\/v2\/product_cat?post=277"},{"taxonomy":"product_tag","embeddable":true,"href":"https:\/\/ambalaza-kartonska.com\/en\/wp-json\/wp\/v2\/product_tag?post=277"}],"curies":[{"name":"wp","href":"https:\/\/api.w.org\/{rel}","templated":true}]}}