{"id":271,"date":"2011-04-20T07:37:13","date_gmt":"2011-04-20T07:37:13","guid":{"rendered":"https:\/\/ambalaza-kartonska.com\/?product=kutija-za-1-cd-bk-e-144-130-12mm"},"modified":"2026-02-02T16:14:32","modified_gmt":"2026-02-02T15:14:32","slug":"kutija-za-1-cd-bk-e-144-130-12mm","status":"publish","type":"product","link":"https:\/\/ambalaza-kartonska.com\/en\/proizvod\/kutija-za-1-cd-bk-e-144-130-12mm\/","title":{"rendered":"Kutija za 1 CD BK\/e 144*130*12mm"},"content":{"rendered":"<p>Kutija za 1 CD BK\/e 144*130*12mm<\/p>\n","protected":false},"excerpt":{"rendered":"<p>Dimenzija : 144*130*12mm<br \/>\nMaterijal : bijeli e-val<br \/>\nPakiranje : 20 kom.<br \/>\nNa\u010din izrade : \u0161tancana ambala\u017ea<br \/>\nMogu\u0107nost tiska<\/p>\n","protected":false},"featured_media":270,"template":"","meta":[],"product_brand":[],"product_cat":[48],"product_tag":[],"class_list":{"0":"post-271","1":"product","2":"type-product","3":"status-publish","4":"has-post-thumbnail","6":"product_cat-uredski-asortiman","8":"first","9":"instock","10":"taxable","11":"shipping-taxable","12":"purchasable","13":"product-type-simple"},"_links":{"self":[{"href":"https:\/\/ambalaza-kartonska.com\/en\/wp-json\/wp\/v2\/product\/271","targetHints":{"allow":["GET"]}}],"collection":[{"href":"https:\/\/ambalaza-kartonska.com\/en\/wp-json\/wp\/v2\/product"}],"about":[{"href":"https:\/\/ambalaza-kartonska.com\/en\/wp-json\/wp\/v2\/types\/product"}],"wp:featuredmedia":[{"embeddable":true,"href":"https:\/\/ambalaza-kartonska.com\/en\/wp-json\/wp\/v2\/media\/270"}],"wp:attachment":[{"href":"https:\/\/ambalaza-kartonska.com\/en\/wp-json\/wp\/v2\/media?parent=271"}],"wp:term":[{"taxonomy":"product_brand","embeddable":true,"href":"https:\/\/ambalaza-kartonska.com\/en\/wp-json\/wp\/v2\/product_brand?post=271"},{"taxonomy":"product_cat","embeddable":true,"href":"https:\/\/ambalaza-kartonska.com\/en\/wp-json\/wp\/v2\/product_cat?post=271"},{"taxonomy":"product_tag","embeddable":true,"href":"https:\/\/ambalaza-kartonska.com\/en\/wp-json\/wp\/v2\/product_tag?post=271"}],"curies":[{"name":"wp","href":"https:\/\/api.w.org\/{rel}","templated":true}]}}