{"id":261,"date":"2011-04-16T21:06:33","date_gmt":"2011-04-16T21:06:33","guid":{"rendered":"https:\/\/ambalaza-kartonska.com\/?product=transportna-kutija-za-med-2kb-275x275x85mm-9x370ml"},"modified":"2026-02-02T16:14:32","modified_gmt":"2026-02-02T15:14:32","slug":"transportna-kutija-za-med-2kb-26018085mm-6370ml-sloziva","status":"publish","type":"product","link":"https:\/\/ambalaza-kartonska.com\/en\/proizvod\/transportna-kutija-za-med-2kb-26018085mm-6370ml-sloziva\/","title":{"rendered":"Transportna kutija za med 2Kb 260*180*85mm 6*370ml slo\u017eiva"},"content":{"rendered":"<p>Transportna kutija za med 2Kb 260*180*85mm 6*370ml slo\u017eiva<\/p>\n<p>slo\u017eiva kutija bez upotrebe selotejpa<\/p>\n","protected":false},"excerpt":{"rendered":"<p>Dimenzija : 260*180*85mm<br \/>\nMaterijal : sme\u0111i b val<br \/>\nPakiranje : 20 kom.<br \/>\nNa\u010din izrade : \u0161tancana ambala\u017ea- slo\u017eiva kutija bez upotrebe selotejpa<br \/>\n6 teglica od 370ml<br \/>\nMogu\u0107nost tiska<\/p>\n","protected":false},"featured_media":258,"template":"","meta":[],"product_brand":[],"product_cat":[58,22],"product_tag":[604,174,79,621,65,622,619,173,620],"class_list":{"0":"post-261","1":"product","2":"type-product","3":"status-publish","4":"has-post-thumbnail","6":"product_cat-kutije-za-teglice-meda","7":"product_cat-poklon-kutije-za-med","8":"product_tag-ambalaza-za-med","9":"product_tag-kartonska-ambalaza","10":"product_tag-kartonske-kutije","11":"product_tag-med","12":"product_tag-poklon-kutije","13":"product_tag-teglice-meda","14":"product_tag-transportna-ambalaza","15":"product_tag-transportne-kutije","16":"product_tag-transportne-kutije-za-med","18":"first","19":"instock","20":"taxable","21":"shipping-taxable","22":"purchasable","23":"product-type-simple"},"_links":{"self":[{"href":"https:\/\/ambalaza-kartonska.com\/en\/wp-json\/wp\/v2\/product\/261","targetHints":{"allow":["GET"]}}],"collection":[{"href":"https:\/\/ambalaza-kartonska.com\/en\/wp-json\/wp\/v2\/product"}],"about":[{"href":"https:\/\/ambalaza-kartonska.com\/en\/wp-json\/wp\/v2\/types\/product"}],"wp:featuredmedia":[{"embeddable":true,"href":"https:\/\/ambalaza-kartonska.com\/en\/wp-json\/wp\/v2\/media\/258"}],"wp:attachment":[{"href":"https:\/\/ambalaza-kartonska.com\/en\/wp-json\/wp\/v2\/media?parent=261"}],"wp:term":[{"taxonomy":"product_brand","embeddable":true,"href":"https:\/\/ambalaza-kartonska.com\/en\/wp-json\/wp\/v2\/product_brand?post=261"},{"taxonomy":"product_cat","embeddable":true,"href":"https:\/\/ambalaza-kartonska.com\/en\/wp-json\/wp\/v2\/product_cat?post=261"},{"taxonomy":"product_tag","embeddable":true,"href":"https:\/\/ambalaza-kartonska.com\/en\/wp-json\/wp\/v2\/product_tag?post=261"}],"curies":[{"name":"wp","href":"https:\/\/api.w.org\/{rel}","templated":true}]}}