{"id":26,"date":"2010-12-04T14:21:55","date_gmt":"2010-12-04T14:21:55","guid":{"rendered":"https:\/\/ambalaza-kartonska.com\/?product=kutija-za-jednu-bocu-ili-butelju-1-0-75l"},"modified":"2026-02-02T16:14:41","modified_gmt":"2026-02-02T15:14:41","slug":"kutija-za-jednu-bocu-ili-butelju-1-0-75l","status":"publish","type":"product","link":"https:\/\/ambalaza-kartonska.com\/en\/proizvod\/kutija-za-jednu-bocu-ili-butelju-1-0-75l\/","title":{"rendered":"Kutija za jednu butelju 2K\/e 80*80*350mm"},"content":{"rendered":"<p>Kutija za jednu butelju 2K\/e 80x80x350mm<\/p>\n","protected":false},"excerpt":{"rendered":"<p>Dimenzija : 80*80*350mm<br \/>\nMaterijal : troslojni sme\u0111i e-val -kraft<br \/>\nPakiranje : 50 kom.<br \/>\nNa\u010din izrade : \u0161tancana ambala\u017ea<br \/>\nMogu\u0107nost tiska<br \/>\nMogu\u0107nost ka\u0161iranja<\/p>\n","protected":false},"featured_media":25,"template":"","meta":[],"product_brand":[],"product_cat":[36],"product_tag":[],"class_list":{"0":"post-26","1":"product","2":"type-product","3":"status-publish","4":"has-post-thumbnail","6":"product_cat-kutija-za-jednu-bocu","8":"first","9":"instock","10":"taxable","11":"shipping-taxable","12":"purchasable","13":"product-type-simple"},"_links":{"self":[{"href":"https:\/\/ambalaza-kartonska.com\/en\/wp-json\/wp\/v2\/product\/26","targetHints":{"allow":["GET"]}}],"collection":[{"href":"https:\/\/ambalaza-kartonska.com\/en\/wp-json\/wp\/v2\/product"}],"about":[{"href":"https:\/\/ambalaza-kartonska.com\/en\/wp-json\/wp\/v2\/types\/product"}],"wp:featuredmedia":[{"embeddable":true,"href":"https:\/\/ambalaza-kartonska.com\/en\/wp-json\/wp\/v2\/media\/25"}],"wp:attachment":[{"href":"https:\/\/ambalaza-kartonska.com\/en\/wp-json\/wp\/v2\/media?parent=26"}],"wp:term":[{"taxonomy":"product_brand","embeddable":true,"href":"https:\/\/ambalaza-kartonska.com\/en\/wp-json\/wp\/v2\/product_brand?post=26"},{"taxonomy":"product_cat","embeddable":true,"href":"https:\/\/ambalaza-kartonska.com\/en\/wp-json\/wp\/v2\/product_cat?post=26"},{"taxonomy":"product_tag","embeddable":true,"href":"https:\/\/ambalaza-kartonska.com\/en\/wp-json\/wp\/v2\/product_tag?post=26"}],"curies":[{"name":"wp","href":"https:\/\/api.w.org\/{rel}","templated":true}]}}