{"id":251,"date":"2011-04-16T20:47:44","date_gmt":"2011-04-16T20:47:44","guid":{"rendered":"https:\/\/ambalaza-kartonska.com\/?product=drvena-kutija-za-jednu-bocu-lakirana"},"modified":"2026-02-02T16:14:33","modified_gmt":"2026-02-02T15:14:33","slug":"poklon-kutija-za-med-2ke-909090mm-1370ml","status":"publish","type":"product","link":"https:\/\/ambalaza-kartonska.com\/en\/proizvod\/poklon-kutija-za-med-2ke-909090mm-1370ml\/","title":{"rendered":"Poklon kutija za med 2Ke 90*90*90mm 1*370ml"},"content":{"rendered":"<p>Poklon kutija za med 2K\/e 90*90*90mm 1*370ml<\/p>\n","protected":false},"excerpt":{"rendered":"<p>Dimenzija : 90*90*90mm<br \/>\nMaterijal : troslojni sme\u0111i e val-kraft<br \/>\nPakiranje : 50 kom.<br \/>\nNa\u010din izrade : \u0161tancana ambala\u017ea<br \/>\nMogu\u0107nost dotiska loga<\/p>\n","protected":false},"featured_media":250,"template":"","meta":[],"product_brand":[],"product_cat":[22],"product_tag":[604,174,79,621,624,65,623,622,619,173,620],"class_list":{"0":"post-251","1":"product","2":"type-product","3":"status-publish","4":"has-post-thumbnail","6":"product_cat-poklon-kutije-za-med","7":"product_tag-ambalaza-za-med","8":"product_tag-kartonska-ambalaza","9":"product_tag-kartonske-kutije","10":"product_tag-med","11":"product_tag-poklon-ambalaza-za-med","12":"product_tag-poklon-kutije","13":"product_tag-poklon-kutije-za-med","14":"product_tag-teglice-meda","15":"product_tag-transportna-ambalaza","16":"product_tag-transportne-kutije","17":"product_tag-transportne-kutije-za-med","19":"first","20":"instock","21":"taxable","22":"shipping-taxable","23":"purchasable","24":"product-type-simple"},"_links":{"self":[{"href":"https:\/\/ambalaza-kartonska.com\/en\/wp-json\/wp\/v2\/product\/251","targetHints":{"allow":["GET"]}}],"collection":[{"href":"https:\/\/ambalaza-kartonska.com\/en\/wp-json\/wp\/v2\/product"}],"about":[{"href":"https:\/\/ambalaza-kartonska.com\/en\/wp-json\/wp\/v2\/types\/product"}],"wp:featuredmedia":[{"embeddable":true,"href":"https:\/\/ambalaza-kartonska.com\/en\/wp-json\/wp\/v2\/media\/250"}],"wp:attachment":[{"href":"https:\/\/ambalaza-kartonska.com\/en\/wp-json\/wp\/v2\/media?parent=251"}],"wp:term":[{"taxonomy":"product_brand","embeddable":true,"href":"https:\/\/ambalaza-kartonska.com\/en\/wp-json\/wp\/v2\/product_brand?post=251"},{"taxonomy":"product_cat","embeddable":true,"href":"https:\/\/ambalaza-kartonska.com\/en\/wp-json\/wp\/v2\/product_cat?post=251"},{"taxonomy":"product_tag","embeddable":true,"href":"https:\/\/ambalaza-kartonska.com\/en\/wp-json\/wp\/v2\/product_tag?post=251"}],"curies":[{"name":"wp","href":"https:\/\/api.w.org\/{rel}","templated":true}]}}