{"id":165,"date":"2011-02-10T18:16:53","date_gmt":"2011-02-10T18:16:53","guid":{"rendered":"https:\/\/ambalaza-kartonska.com\/?product=kutija-za-jednu-butelju-80-80-370mm-rs"},"modified":"2026-04-17T07:09:37","modified_gmt":"2026-04-17T05:09:37","slug":"kutija-za-jednu-butelju-kv-ge-8080370mm-rebrasta","status":"publish","type":"product","link":"https:\/\/ambalaza-kartonska.com\/en\/proizvod\/kutija-za-jednu-butelju-kv-ge-8080370mm-rebrasta\/","title":{"rendered":"Kutija za jednu butelju KV\/GE 80*80*370mm -rebrasta"},"content":{"rendered":"<p>Kutija za jednu butelju KV\/GE 80*80*370mm<\/p>\n","protected":false},"excerpt":{"rendered":"<p>Dimenzija : 80*80*370mm<br \/>\nMaterijal : \u010detveroslojni e+g val &#8211; obostrani kraft<br \/>\nPakiranje : 50 kom.<br \/>\nNa\u010din izrade : \u0161tancana ambala\u017ea<br \/>\nMogu\u0107nost slijepog tiska<\/p>\n","protected":false},"featured_media":164,"template":"","meta":[],"product_brand":[],"product_cat":[36],"product_tag":[69,72,79,67,76,66,70,71,75,74,68,65],"class_list":{"0":"post-165","1":"product","2":"type-product","3":"status-publish","4":"has-post-thumbnail","6":"product_cat-kutija-za-jednu-bocu","7":"product_tag-ambalaza","8":"product_tag-ambalaza-za-vino","9":"product_tag-kartonske-kutije","10":"product_tag-kutija","11":"product_tag-kutija-za-boce","12":"product_tag-kutije","13":"product_tag-kutije-za-boce","14":"product_tag-kutije-za-bocice","15":"product_tag-kutije-za-butelje","16":"product_tag-kutije-za-vino","17":"product_tag-poklon-kutija","18":"product_tag-poklon-kutije","20":"first","21":"instock","22":"taxable","23":"shipping-taxable","24":"purchasable","25":"product-type-simple"},"_links":{"self":[{"href":"https:\/\/ambalaza-kartonska.com\/en\/wp-json\/wp\/v2\/product\/165","targetHints":{"allow":["GET"]}}],"collection":[{"href":"https:\/\/ambalaza-kartonska.com\/en\/wp-json\/wp\/v2\/product"}],"about":[{"href":"https:\/\/ambalaza-kartonska.com\/en\/wp-json\/wp\/v2\/types\/product"}],"wp:featuredmedia":[{"embeddable":true,"href":"https:\/\/ambalaza-kartonska.com\/en\/wp-json\/wp\/v2\/media\/164"}],"wp:attachment":[{"href":"https:\/\/ambalaza-kartonska.com\/en\/wp-json\/wp\/v2\/media?parent=165"}],"wp:term":[{"taxonomy":"product_brand","embeddable":true,"href":"https:\/\/ambalaza-kartonska.com\/en\/wp-json\/wp\/v2\/product_brand?post=165"},{"taxonomy":"product_cat","embeddable":true,"href":"https:\/\/ambalaza-kartonska.com\/en\/wp-json\/wp\/v2\/product_cat?post=165"},{"taxonomy":"product_tag","embeddable":true,"href":"https:\/\/ambalaza-kartonska.com\/en\/wp-json\/wp\/v2\/product_tag?post=165"}],"curies":[{"name":"wp","href":"https:\/\/api.w.org\/{rel}","templated":true}]}}