{"id":144,"date":"2011-02-10T17:47:28","date_gmt":"2011-02-10T17:47:28","guid":{"rendered":"https:\/\/ambalaza-kartonska.com\/?product=kutija-za-papirice-bk-e-110x80x50mm"},"modified":"2026-02-02T16:14:37","modified_gmt":"2026-02-02T15:14:37","slug":"kutija-za-papirice-bk-e-110x80x50mm","status":"publish","type":"product","link":"https:\/\/ambalaza-kartonska.com\/en\/proizvod\/kutija-za-papirice-bk-e-110x80x50mm\/","title":{"rendered":"Kutija za papiri\u0107e BK\/e 110x80x50mm"},"content":{"rendered":"<p>Kutija za papiri\u0107e BK\/e 110x80x50mm <\/p>\n","protected":false},"excerpt":{"rendered":"<p>Dimenzija : 110*80*50mm<br \/>\nMaterijal : troslojni bijeli e val<br \/>\nPakiranje : 50 kom.<br \/>\nNa\u010din izrade : \u0161tancana ambala\u017ea<br \/>\nMogu\u010dnost tiska<br \/>\nMogu\u010dnost ka\u0161iranja<\/p>\n","protected":false},"featured_media":142,"template":"","meta":[],"product_brand":[],"product_cat":[48],"product_tag":[],"class_list":{"0":"post-144","1":"product","2":"type-product","3":"status-publish","4":"has-post-thumbnail","6":"product_cat-uredski-asortiman","8":"first","9":"instock","10":"taxable","11":"shipping-taxable","12":"purchasable","13":"product-type-simple"},"_links":{"self":[{"href":"https:\/\/ambalaza-kartonska.com\/en\/wp-json\/wp\/v2\/product\/144","targetHints":{"allow":["GET"]}}],"collection":[{"href":"https:\/\/ambalaza-kartonska.com\/en\/wp-json\/wp\/v2\/product"}],"about":[{"href":"https:\/\/ambalaza-kartonska.com\/en\/wp-json\/wp\/v2\/types\/product"}],"wp:featuredmedia":[{"embeddable":true,"href":"https:\/\/ambalaza-kartonska.com\/en\/wp-json\/wp\/v2\/media\/142"}],"wp:attachment":[{"href":"https:\/\/ambalaza-kartonska.com\/en\/wp-json\/wp\/v2\/media?parent=144"}],"wp:term":[{"taxonomy":"product_brand","embeddable":true,"href":"https:\/\/ambalaza-kartonska.com\/en\/wp-json\/wp\/v2\/product_brand?post=144"},{"taxonomy":"product_cat","embeddable":true,"href":"https:\/\/ambalaza-kartonska.com\/en\/wp-json\/wp\/v2\/product_cat?post=144"},{"taxonomy":"product_tag","embeddable":true,"href":"https:\/\/ambalaza-kartonska.com\/en\/wp-json\/wp\/v2\/product_tag?post=144"}],"curies":[{"name":"wp","href":"https:\/\/api.w.org\/{rel}","templated":true}]}}