{"id":139,"date":"2011-02-10T17:43:34","date_gmt":"2011-02-10T17:43:34","guid":{"rendered":"https:\/\/ambalaza-kartonska.com\/?product=poklon-kutija-2k-e-300-200-200mm"},"modified":"2026-02-02T16:14:37","modified_gmt":"2026-02-02T15:14:37","slug":"poklon-kutija-2k-e-300-200-200mm","status":"publish","type":"product","link":"https:\/\/ambalaza-kartonska.com\/en\/proizvod\/poklon-kutija-2k-e-300-200-200mm\/","title":{"rendered":"Poklon kutija 2K\/e 300*200*200mm"},"content":{"rendered":"<p>Poklon kutija 2K\/e 300*200*200mm<\/p>\n","protected":false},"excerpt":{"rendered":"<p>Dimenzija : 300*200*200mm<br \/>\nMaterijal : troslojni sme\u0111i e-val<br \/>\nPakiranje : 40 kom.<br \/>\nNa\u010din izrade : \u0161tancana ambala\u017ea<br \/>\nMogu\u010dnost tiska<br \/>\nMogu\u010dnost ka\u0161iranja<br \/>\nPoklon kutija za razne stvari<\/p>\n","protected":false},"featured_media":138,"template":"","meta":[],"product_brand":[],"product_cat":[34],"product_tag":[],"class_list":{"0":"post-139","1":"product","2":"type-product","3":"status-publish","4":"has-post-thumbnail","6":"product_cat-poklon-kutije","8":"first","9":"instock","10":"taxable","11":"shipping-taxable","12":"purchasable","13":"product-type-simple"},"_links":{"self":[{"href":"https:\/\/ambalaza-kartonska.com\/en\/wp-json\/wp\/v2\/product\/139","targetHints":{"allow":["GET"]}}],"collection":[{"href":"https:\/\/ambalaza-kartonska.com\/en\/wp-json\/wp\/v2\/product"}],"about":[{"href":"https:\/\/ambalaza-kartonska.com\/en\/wp-json\/wp\/v2\/types\/product"}],"wp:featuredmedia":[{"embeddable":true,"href":"https:\/\/ambalaza-kartonska.com\/en\/wp-json\/wp\/v2\/media\/138"}],"wp:attachment":[{"href":"https:\/\/ambalaza-kartonska.com\/en\/wp-json\/wp\/v2\/media?parent=139"}],"wp:term":[{"taxonomy":"product_brand","embeddable":true,"href":"https:\/\/ambalaza-kartonska.com\/en\/wp-json\/wp\/v2\/product_brand?post=139"},{"taxonomy":"product_cat","embeddable":true,"href":"https:\/\/ambalaza-kartonska.com\/en\/wp-json\/wp\/v2\/product_cat?post=139"},{"taxonomy":"product_tag","embeddable":true,"href":"https:\/\/ambalaza-kartonska.com\/en\/wp-json\/wp\/v2\/product_tag?post=139"}],"curies":[{"name":"wp","href":"https:\/\/api.w.org\/{rel}","templated":true}]}}