{"id":131,"date":"2011-02-10T17:30:26","date_gmt":"2011-02-10T17:30:26","guid":{"rendered":"https:\/\/ambalaza-kartonska.com\/?product=poklon-kutija-bk-b-410x150x305mm"},"modified":"2026-02-02T16:14:37","modified_gmt":"2026-02-02T15:14:37","slug":"poklon-kutija-bk-b-410x150x305mm","status":"publish","type":"product","link":"https:\/\/ambalaza-kartonska.com\/en\/proizvod\/poklon-kutija-bk-b-410x150x305mm\/","title":{"rendered":"Poklon kutija BK\/b 410*150*305mm"},"content":{"rendered":"<p>Poklon kutija BK\/b 410*150*305mm<\/p>\n","protected":false},"excerpt":{"rendered":"<p>Dimenzija : 410x150x305mm<br \/>\nMaterijal : troslojni bijeli b-val<br \/>\nPakiranje : 20 kom.<br \/>\nNa\u010din izrade : \u0161tancana ambala\u017ea<br \/>\nMogu\u0107nost tiska<br \/>\nMogu\u0107nost ka\u0161iranja<br \/>\nPlasti\u010dna ru\u010dkica za no\u0161enje uklju\u0107ena<\/p>\n","protected":false},"featured_media":130,"template":"","meta":[],"product_brand":[],"product_cat":[34],"product_tag":[],"class_list":{"0":"post-131","1":"product","2":"type-product","3":"status-publish","4":"has-post-thumbnail","6":"product_cat-poklon-kutije","8":"first","9":"outofstock","10":"taxable","11":"shipping-taxable","12":"purchasable","13":"product-type-simple"},"_links":{"self":[{"href":"https:\/\/ambalaza-kartonska.com\/en\/wp-json\/wp\/v2\/product\/131","targetHints":{"allow":["GET"]}}],"collection":[{"href":"https:\/\/ambalaza-kartonska.com\/en\/wp-json\/wp\/v2\/product"}],"about":[{"href":"https:\/\/ambalaza-kartonska.com\/en\/wp-json\/wp\/v2\/types\/product"}],"wp:featuredmedia":[{"embeddable":true,"href":"https:\/\/ambalaza-kartonska.com\/en\/wp-json\/wp\/v2\/media\/130"}],"wp:attachment":[{"href":"https:\/\/ambalaza-kartonska.com\/en\/wp-json\/wp\/v2\/media?parent=131"}],"wp:term":[{"taxonomy":"product_brand","embeddable":true,"href":"https:\/\/ambalaza-kartonska.com\/en\/wp-json\/wp\/v2\/product_brand?post=131"},{"taxonomy":"product_cat","embeddable":true,"href":"https:\/\/ambalaza-kartonska.com\/en\/wp-json\/wp\/v2\/product_cat?post=131"},{"taxonomy":"product_tag","embeddable":true,"href":"https:\/\/ambalaza-kartonska.com\/en\/wp-json\/wp\/v2\/product_tag?post=131"}],"curies":[{"name":"wp","href":"https:\/\/api.w.org\/{rel}","templated":true}]}}