{"id":123,"date":"2011-02-08T20:09:11","date_gmt":"2011-02-08T20:09:11","guid":{"rendered":"https:\/\/ambalaza-kartonska.com\/?product=kutija-za-stari-papir-bsk-340-245-650mm"},"modified":"2026-02-02T16:14:38","modified_gmt":"2026-02-02T15:14:38","slug":"kutija-za-stari-papir-bsk-340-245-650mm","status":"publish","type":"product","link":"https:\/\/ambalaza-kartonska.com\/en\/proizvod\/kutija-za-stari-papir-bsk-340-245-650mm\/","title":{"rendered":"Kutija za stari papir B\u0160K 340*245*650mm"},"content":{"rendered":"<p>Kutija za stari papir B\u0160K 340*245*650mm     <\/p>\n","protected":false},"excerpt":{"rendered":"<p>Dimenzija : 340*245*650mm<br \/>\nMaterijal : bijeli BC-val<br \/>\nPakiranje : 10 kom.<br \/>\nNa\u010din izrade : \u0161tancana ambala\u017ea<br \/>\nMogu\u0107nost tiska<br \/>\nVelika izdr\u017eljivost<\/p>\n<p>Kutija za sakupljanje starog papira<\/p>\n","protected":false},"featured_media":122,"template":"","meta":[],"product_brand":[],"product_cat":[48],"product_tag":[],"class_list":{"0":"post-123","1":"product","2":"type-product","3":"status-publish","4":"has-post-thumbnail","6":"product_cat-uredski-asortiman","8":"first","9":"outofstock","10":"taxable","11":"shipping-taxable","12":"purchasable","13":"product-type-simple"},"_links":{"self":[{"href":"https:\/\/ambalaza-kartonska.com\/en\/wp-json\/wp\/v2\/product\/123","targetHints":{"allow":["GET"]}}],"collection":[{"href":"https:\/\/ambalaza-kartonska.com\/en\/wp-json\/wp\/v2\/product"}],"about":[{"href":"https:\/\/ambalaza-kartonska.com\/en\/wp-json\/wp\/v2\/types\/product"}],"wp:featuredmedia":[{"embeddable":true,"href":"https:\/\/ambalaza-kartonska.com\/en\/wp-json\/wp\/v2\/media\/122"}],"wp:attachment":[{"href":"https:\/\/ambalaza-kartonska.com\/en\/wp-json\/wp\/v2\/media?parent=123"}],"wp:term":[{"taxonomy":"product_brand","embeddable":true,"href":"https:\/\/ambalaza-kartonska.com\/en\/wp-json\/wp\/v2\/product_brand?post=123"},{"taxonomy":"product_cat","embeddable":true,"href":"https:\/\/ambalaza-kartonska.com\/en\/wp-json\/wp\/v2\/product_cat?post=123"},{"taxonomy":"product_tag","embeddable":true,"href":"https:\/\/ambalaza-kartonska.com\/en\/wp-json\/wp\/v2\/product_tag?post=123"}],"curies":[{"name":"wp","href":"https:\/\/api.w.org\/{rel}","templated":true}]}}