{"id":11718,"date":"2025-10-29T20:58:40","date_gmt":"2025-10-29T18:58:40","guid":{"rendered":"https:\/\/ambalaza-kartonska.com\/?post_type=product&#038;p=11718"},"modified":"2026-02-02T16:13:59","modified_gmt":"2026-02-02T15:13:59","slug":"bozicna-vrecica-221031cm-christmas-tree","status":"publish","type":"product","link":"https:\/\/ambalaza-kartonska.com\/en\/proizvod\/bozicna-vrecica-221031cm-christmas-tree\/","title":{"rendered":"Bo\u017ei\u0107na vre\u0107ica 22+10*31cm CHRISTMAS TREE"},"content":{"rendered":"<div class=\"wpb-content-wrapper\"><p>[vc_row][vc_column][\/vc_column][\/vc_row]<\/p>\n<\/div>","protected":false},"excerpt":{"rendered":"<p>Tehni\u010dke specifikacije :<\/p>\n<p>Natron ECOM, sme\u0111i reciklirani ECOM &#8211; kraftliner<\/p>\n<p>Te\u017eina : 90 g\/m2<\/p>\n<p>Dimenzija : 22+10*31cm<br \/>\nPakiranje &#8211; 50 kom.<\/p>\n<p>Kutija : 250 kom.<\/p>\n<p>Paleta : 8000 kom.<br \/>\nEcom brown kraft 90g<\/p>\n","protected":false},"featured_media":11719,"template":"","meta":[],"product_brand":[],"product_cat":[663,591],"product_tag":[69,664,633,632,639,638,637,636],"class_list":{"0":"post-11718","1":"product","2":"type-product","3":"status-publish","4":"has-post-thumbnail","6":"product_cat-bozicne-vrecice","7":"product_cat-izdvojeno","8":"product_tag-ambalaza","9":"product_tag-bozic","10":"product_tag-kuverte","11":"product_tag-papirnate-kuverte","12":"product_tag-snack","13":"product_tag-take-away","14":"product_tag-vrecice","15":"product_tag-vrecice-take-away","17":"first","18":"instock","19":"featured","20":"taxable","21":"shipping-taxable","22":"purchasable","23":"product-type-simple"},"_links":{"self":[{"href":"https:\/\/ambalaza-kartonska.com\/en\/wp-json\/wp\/v2\/product\/11718","targetHints":{"allow":["GET"]}}],"collection":[{"href":"https:\/\/ambalaza-kartonska.com\/en\/wp-json\/wp\/v2\/product"}],"about":[{"href":"https:\/\/ambalaza-kartonska.com\/en\/wp-json\/wp\/v2\/types\/product"}],"wp:featuredmedia":[{"embeddable":true,"href":"https:\/\/ambalaza-kartonska.com\/en\/wp-json\/wp\/v2\/media\/11719"}],"wp:attachment":[{"href":"https:\/\/ambalaza-kartonska.com\/en\/wp-json\/wp\/v2\/media?parent=11718"}],"wp:term":[{"taxonomy":"product_brand","embeddable":true,"href":"https:\/\/ambalaza-kartonska.com\/en\/wp-json\/wp\/v2\/product_brand?post=11718"},{"taxonomy":"product_cat","embeddable":true,"href":"https:\/\/ambalaza-kartonska.com\/en\/wp-json\/wp\/v2\/product_cat?post=11718"},{"taxonomy":"product_tag","embeddable":true,"href":"https:\/\/ambalaza-kartonska.com\/en\/wp-json\/wp\/v2\/product_tag?post=11718"}],"curies":[{"name":"wp","href":"https:\/\/api.w.org\/{rel}","templated":true}]}}