{"id":11161,"date":"2025-03-04T15:59:26","date_gmt":"2025-03-04T14:59:26","guid":{"rendered":"https:\/\/ambalaza-kartonska.com\/?post_type=product&#038;p=11161"},"modified":"2026-02-02T16:13:59","modified_gmt":"2026-02-02T15:13:59","slug":"stancana-kutija-k2k-e-33023055mm-40375l","status":"publish","type":"product","link":"https:\/\/ambalaza-kartonska.com\/en\/proizvod\/stancana-kutija-k2k-e-33023055mm-40375l\/","title":{"rendered":"\u0160tancana kutija K2K\/E 330*230*55mm 4*0,375l"},"content":{"rendered":"<p>\u0160tancana kutija K2K\/E 330*230*55mm 4*0,375l<\/p>\n<p>&nbsp;<\/p>\n","protected":false},"excerpt":{"rendered":"<p>Dimenzija :\u00a0 K2K\/E 330*230*55mm 4*0,375l<br \/>\nPakiranje : 25 kom.<br \/>\nNa\u010din izrade : \u0161tancana ambala\u017ea<\/p>\n<p>Materijal : troslojni E val &#8211; kraft<br \/>\nMogu\u0107nost tiska<br \/>\nMogu\u0107nost ka\u0161iranja &#8211; vi\u0161ebojni tisak<\/p>\n","protected":false},"featured_media":11166,"template":"","meta":[],"product_brand":[],"product_cat":[30],"product_tag":[69,87,63,79,83,62,70,86,85,84,82,81],"class_list":{"0":"post-11161","1":"product","2":"type-product","3":"status-publish","4":"has-post-thumbnail","6":"product_cat-kutije-za-0375l","7":"product_tag-ambalaza","8":"product_tag-ambalaza-za-pivo","9":"product_tag-craft-pivo","10":"product_tag-kartonske-kutije","11":"product_tag-kraft-pivo","12":"product_tag-kutija-za-pivo","13":"product_tag-kutije-za-boce","14":"product_tag-kutije-za-craft-pivo","15":"product_tag-kutije-za-pive","16":"product_tag-kutije-za-pivo","17":"product_tag-piva","18":"product_tag-pivo","20":"first","21":"instock","22":"featured","23":"taxable","24":"shipping-taxable","25":"purchasable","26":"product-type-simple"},"_links":{"self":[{"href":"https:\/\/ambalaza-kartonska.com\/en\/wp-json\/wp\/v2\/product\/11161","targetHints":{"allow":["GET"]}}],"collection":[{"href":"https:\/\/ambalaza-kartonska.com\/en\/wp-json\/wp\/v2\/product"}],"about":[{"href":"https:\/\/ambalaza-kartonska.com\/en\/wp-json\/wp\/v2\/types\/product"}],"wp:featuredmedia":[{"embeddable":true,"href":"https:\/\/ambalaza-kartonska.com\/en\/wp-json\/wp\/v2\/media\/11166"}],"wp:attachment":[{"href":"https:\/\/ambalaza-kartonska.com\/en\/wp-json\/wp\/v2\/media?parent=11161"}],"wp:term":[{"taxonomy":"product_brand","embeddable":true,"href":"https:\/\/ambalaza-kartonska.com\/en\/wp-json\/wp\/v2\/product_brand?post=11161"},{"taxonomy":"product_cat","embeddable":true,"href":"https:\/\/ambalaza-kartonska.com\/en\/wp-json\/wp\/v2\/product_cat?post=11161"},{"taxonomy":"product_tag","embeddable":true,"href":"https:\/\/ambalaza-kartonska.com\/en\/wp-json\/wp\/v2\/product_tag?post=11161"}],"curies":[{"name":"wp","href":"https:\/\/api.w.org\/{rel}","templated":true}]}}