{"id":11000,"date":"2025-01-17T10:59:01","date_gmt":"2025-01-17T09:59:01","guid":{"rendered":"https:\/\/ambalaza-kartonska.com\/?post_type=product&#038;p=11000"},"modified":"2026-02-02T16:14:00","modified_gmt":"2026-02-02T15:14:00","slug":"stancana-kutija-180100230mm-bag-in-box-3l","status":"publish","type":"product","link":"https:\/\/ambalaza-kartonska.com\/en\/proizvod\/stancana-kutija-180100230mm-bag-in-box-3l\/","title":{"rendered":"\u0160tancana kutija 180*100*230mm BAGinBOX 3L"},"content":{"rendered":"<p>Poklon kutija sa prozirnom PVC folijom sa slamicom<\/p>\n","protected":false},"excerpt":{"rendered":"<p>Dimenzija : 180*100*230mm<br \/>\nPakiranje : 25 kom.<br \/>\nNa\u010din izrade :\u00a0 \u0161tancana ambala\u017ea , automatsko dno ( ljepljeno ), materijal sme\u0111i kraft u e valu velike \u010dvrsto\u0107e<br \/>\nMogu\u0107nost tiska<\/p>\n","protected":false},"featured_media":11004,"template":"","meta":[],"product_brand":[],"product_cat":[45,591,19],"product_tag":[69,87,63,79,83,62,70,75,86,85,84,74,82,81,65,595],"class_list":{"0":"post-11000","1":"product","2":"type-product","3":"status-publish","4":"has-post-thumbnail","6":"product_cat-bag-in-box","7":"product_cat-izdvojeno","8":"product_cat-kutije-za-boce-ili-butelje","9":"product_tag-ambalaza","10":"product_tag-ambalaza-za-pivo","11":"product_tag-craft-pivo","12":"product_tag-kartonske-kutije","13":"product_tag-kraft-pivo","14":"product_tag-kutija-za-pivo","15":"product_tag-kutije-za-boce","16":"product_tag-kutije-za-butelje","17":"product_tag-kutije-za-craft-pivo","18":"product_tag-kutije-za-pive","19":"product_tag-kutije-za-pivo","20":"product_tag-kutije-za-vino","21":"product_tag-piva","22":"product_tag-pivo","23":"product_tag-poklon-kutije","24":"product_tag-ukrasne-kutije","26":"first","27":"instock","28":"featured","29":"taxable","30":"shipping-taxable","31":"purchasable","32":"product-type-simple"},"_links":{"self":[{"href":"https:\/\/ambalaza-kartonska.com\/en\/wp-json\/wp\/v2\/product\/11000","targetHints":{"allow":["GET"]}}],"collection":[{"href":"https:\/\/ambalaza-kartonska.com\/en\/wp-json\/wp\/v2\/product"}],"about":[{"href":"https:\/\/ambalaza-kartonska.com\/en\/wp-json\/wp\/v2\/types\/product"}],"wp:featuredmedia":[{"embeddable":true,"href":"https:\/\/ambalaza-kartonska.com\/en\/wp-json\/wp\/v2\/media\/11004"}],"wp:attachment":[{"href":"https:\/\/ambalaza-kartonska.com\/en\/wp-json\/wp\/v2\/media?parent=11000"}],"wp:term":[{"taxonomy":"product_brand","embeddable":true,"href":"https:\/\/ambalaza-kartonska.com\/en\/wp-json\/wp\/v2\/product_brand?post=11000"},{"taxonomy":"product_cat","embeddable":true,"href":"https:\/\/ambalaza-kartonska.com\/en\/wp-json\/wp\/v2\/product_cat?post=11000"},{"taxonomy":"product_tag","embeddable":true,"href":"https:\/\/ambalaza-kartonska.com\/en\/wp-json\/wp\/v2\/product_tag?post=11000"}],"curies":[{"name":"wp","href":"https:\/\/api.w.org\/{rel}","templated":true}]}}