{"id":10569,"date":"2024-10-20T11:34:13","date_gmt":"2024-10-20T10:34:13","guid":{"rendered":"https:\/\/ambalaza-kartonska.com\/?post_type=product&#038;p=10569"},"modified":"2026-02-02T16:14:01","modified_gmt":"2026-02-02T15:14:01","slug":"ukrasna-poklon-kutija-22019085mm-sa-slamicom-brijuni-crna-tonirana","status":"publish","type":"product","link":"https:\/\/ambalaza-kartonska.com\/en\/proizvod\/ukrasna-poklon-kutija-22019085mm-sa-slamicom-brijuni-crna-tonirana\/","title":{"rendered":"Ukrasna poklon kutija 220*190*85mm sa slamicom &#8211; BRIJUNI CRNA &#8211; TONIRANA"},"content":{"rendered":"<p>Poklon kutija sa prozirnom PVC folijom sa slamicom<\/p>\n","protected":false},"excerpt":{"rendered":"<p>Dimenzija : 220*190*85mm<br \/>\nPakiranje : 25 kom.<br \/>\nNa\u010din izrade : toniranje obostrano, \u0161tancana ambala\u017ea + ljepljena pvc folija<br \/>\nMogu\u0107nost tiska<br \/>\nIspuna : drvena slamica<\/p>\n","protected":false},"featured_media":10573,"template":"","meta":[],"product_brand":[],"product_cat":[23,591,26],"product_tag":[69,87,63,79,83,62,70,75,86,85,84,74,82,81,65,595],"class_list":{"0":"post-10569","1":"product","2":"type-product","3":"status-publish","4":"has-post-thumbnail","6":"product_cat-exsclusive-ambalaza","7":"product_cat-izdvojeno","8":"product_cat-ukrasne-poklon-kutije","9":"product_tag-ambalaza","10":"product_tag-ambalaza-za-pivo","11":"product_tag-craft-pivo","12":"product_tag-kartonske-kutije","13":"product_tag-kraft-pivo","14":"product_tag-kutija-za-pivo","15":"product_tag-kutije-za-boce","16":"product_tag-kutije-za-butelje","17":"product_tag-kutije-za-craft-pivo","18":"product_tag-kutije-za-pive","19":"product_tag-kutije-za-pivo","20":"product_tag-kutije-za-vino","21":"product_tag-piva","22":"product_tag-pivo","23":"product_tag-poklon-kutije","24":"product_tag-ukrasne-kutije","26":"first","27":"instock","28":"featured","29":"taxable","30":"shipping-taxable","31":"purchasable","32":"product-type-simple"},"_links":{"self":[{"href":"https:\/\/ambalaza-kartonska.com\/en\/wp-json\/wp\/v2\/product\/10569","targetHints":{"allow":["GET"]}}],"collection":[{"href":"https:\/\/ambalaza-kartonska.com\/en\/wp-json\/wp\/v2\/product"}],"about":[{"href":"https:\/\/ambalaza-kartonska.com\/en\/wp-json\/wp\/v2\/types\/product"}],"wp:featuredmedia":[{"embeddable":true,"href":"https:\/\/ambalaza-kartonska.com\/en\/wp-json\/wp\/v2\/media\/10573"}],"wp:attachment":[{"href":"https:\/\/ambalaza-kartonska.com\/en\/wp-json\/wp\/v2\/media?parent=10569"}],"wp:term":[{"taxonomy":"product_brand","embeddable":true,"href":"https:\/\/ambalaza-kartonska.com\/en\/wp-json\/wp\/v2\/product_brand?post=10569"},{"taxonomy":"product_cat","embeddable":true,"href":"https:\/\/ambalaza-kartonska.com\/en\/wp-json\/wp\/v2\/product_cat?post=10569"},{"taxonomy":"product_tag","embeddable":true,"href":"https:\/\/ambalaza-kartonska.com\/en\/wp-json\/wp\/v2\/product_tag?post=10569"}],"curies":[{"name":"wp","href":"https:\/\/api.w.org\/{rel}","templated":true}]}}