{"id":10549,"date":"2024-10-20T11:09:05","date_gmt":"2024-10-20T10:09:05","guid":{"rendered":"https:\/\/ambalaza-kartonska.com\/?post_type=product&#038;p=10549"},"modified":"2026-03-24T00:30:53","modified_gmt":"2026-03-23T23:30:53","slug":"ukrasna-poklon-kutija-38021085mm-dalmacija-crna-tonirana","status":"publish","type":"product","link":"https:\/\/ambalaza-kartonska.com\/en\/proizvod\/ukrasna-poklon-kutija-38021085mm-dalmacija-crna-tonirana\/","title":{"rendered":"Ukrasna poklon kutija 380*210*85mm DALMACIJA-CRNA TONIRANA"},"content":{"rendered":"<div class=\"wpb-content-wrapper\"><p>[vc_row][vc_column][vc_column_text css=&#8221;&#8221; woodmart_inline=&#8221;no&#8221; text_larger=&#8221;no&#8221;]Ukrasna poklon kutija 380*210*85mm DALMACIJA-CRNA TONIRANA[\/vc_column_text][\/vc_column][\/vc_row]<\/p>\n<\/div>","protected":false},"excerpt":{"rendered":"<p>Dimenzija : 380*210*85mm DALMACIJA-CRNA-TONIRANA<br \/>\nMaterijal : troslojni e val toniran obostrano crnom bojom<br \/>\nPakiranje : 25 kom.<br \/>\nNa\u010din izrade : toniranje kartona u crnu boju , \u0161tancana ambala\u017ea<br \/>\nMogu\u0107nost tiska : crna boja obostrano<\/p>\n<p>Bez slamice<\/p>\n","protected":false},"featured_media":10551,"template":"","meta":[],"product_brand":[],"product_cat":[23,591,26],"product_tag":[69,72,156,160,65,73],"class_list":{"0":"post-10549","1":"product","2":"type-product","3":"status-publish","4":"has-post-thumbnail","6":"product_cat-exsclusive-ambalaza","7":"product_cat-izdvojeno","8":"product_cat-ukrasne-poklon-kutije","9":"product_tag-ambalaza","10":"product_tag-ambalaza-za-vino","11":"product_tag-dnopoklopac","12":"product_tag-poklon-ambalaza","13":"product_tag-poklon-kutije","14":"product_tag-slozive-kutije","16":"first","17":"instock","18":"featured","19":"taxable","20":"shipping-taxable","21":"purchasable","22":"product-type-simple"},"_links":{"self":[{"href":"https:\/\/ambalaza-kartonska.com\/en\/wp-json\/wp\/v2\/product\/10549","targetHints":{"allow":["GET"]}}],"collection":[{"href":"https:\/\/ambalaza-kartonska.com\/en\/wp-json\/wp\/v2\/product"}],"about":[{"href":"https:\/\/ambalaza-kartonska.com\/en\/wp-json\/wp\/v2\/types\/product"}],"wp:featuredmedia":[{"embeddable":true,"href":"https:\/\/ambalaza-kartonska.com\/en\/wp-json\/wp\/v2\/media\/10551"}],"wp:attachment":[{"href":"https:\/\/ambalaza-kartonska.com\/en\/wp-json\/wp\/v2\/media?parent=10549"}],"wp:term":[{"taxonomy":"product_brand","embeddable":true,"href":"https:\/\/ambalaza-kartonska.com\/en\/wp-json\/wp\/v2\/product_brand?post=10549"},{"taxonomy":"product_cat","embeddable":true,"href":"https:\/\/ambalaza-kartonska.com\/en\/wp-json\/wp\/v2\/product_cat?post=10549"},{"taxonomy":"product_tag","embeddable":true,"href":"https:\/\/ambalaza-kartonska.com\/en\/wp-json\/wp\/v2\/product_tag?post=10549"}],"curies":[{"name":"wp","href":"https:\/\/api.w.org\/{rel}","templated":true}]}}