{"id":10163,"date":"2024-03-29T15:40:30","date_gmt":"2024-03-29T14:40:30","guid":{"rendered":"https:\/\/ambalaza-kartonska.com\/?post_type=product&#038;p=10163"},"modified":"2026-02-02T16:14:02","modified_gmt":"2026-02-02T15:14:02","slug":"kutija-za-pizzu-3","status":"publish","type":"product","link":"https:\/\/ambalaza-kartonska.com\/en\/proizvod\/kutija-za-pizzu-3\/","title":{"rendered":"Kutija za pizzu 2T\/E 320*320*40mm"},"content":{"rendered":"<div class=\"wpb-content-wrapper\"><p>[vc_row][vc_column][vc_column_text woodmart_inline=&#8221;no&#8221; text_larger=&#8221;no&#8221;]Kutija slu\u017ei samo za transport nije za direktan kontakt sa hranom!<\/p>\n<p>Kutija za pizzu 2T\/E 320*320*40mm[\/vc_column_text][\/vc_column][\/vc_row]<\/p>\n<\/div>","protected":false},"excerpt":{"rendered":"<p>Dimenzija :\u00a0 320*320*40mm pizza<br \/>\nMaterijal : troslojni sme\u0111e\/sme\u0111i\u00a0 e-val<br \/>\nPakiranje : 100 kom.<\/p>\n<p>Pakiranje na paleti : 4200 kom.<br \/>\nNa\u010din izrade : \u0161tancana ambala\u017ea<\/p>\n<p>&nbsp;<\/p>\n","protected":false},"featured_media":10165,"template":"","meta":[],"product_brand":[],"product_cat":[591,625],"product_tag":[628,626,629,627],"class_list":{"0":"post-10163","1":"product","2":"type-product","3":"status-publish","4":"has-post-thumbnail","6":"product_cat-izdvojeno","7":"product_cat-kutije-za-pizzu","8":"product_tag-ambalaza-za-pizzu","9":"product_tag-kutija-za-pizzu","10":"product_tag-kutije-za-pizzu","11":"product_tag-pizza","13":"first","14":"instock","15":"taxable","16":"shipping-taxable","17":"purchasable","18":"product-type-simple"},"_links":{"self":[{"href":"https:\/\/ambalaza-kartonska.com\/en\/wp-json\/wp\/v2\/product\/10163","targetHints":{"allow":["GET"]}}],"collection":[{"href":"https:\/\/ambalaza-kartonska.com\/en\/wp-json\/wp\/v2\/product"}],"about":[{"href":"https:\/\/ambalaza-kartonska.com\/en\/wp-json\/wp\/v2\/types\/product"}],"wp:featuredmedia":[{"embeddable":true,"href":"https:\/\/ambalaza-kartonska.com\/en\/wp-json\/wp\/v2\/media\/10165"}],"wp:attachment":[{"href":"https:\/\/ambalaza-kartonska.com\/en\/wp-json\/wp\/v2\/media?parent=10163"}],"wp:term":[{"taxonomy":"product_brand","embeddable":true,"href":"https:\/\/ambalaza-kartonska.com\/en\/wp-json\/wp\/v2\/product_brand?post=10163"},{"taxonomy":"product_cat","embeddable":true,"href":"https:\/\/ambalaza-kartonska.com\/en\/wp-json\/wp\/v2\/product_cat?post=10163"},{"taxonomy":"product_tag","embeddable":true,"href":"https:\/\/ambalaza-kartonska.com\/en\/wp-json\/wp\/v2\/product_tag?post=10163"}],"curies":[{"name":"wp","href":"https:\/\/api.w.org\/{rel}","templated":true}]}}