{"id":10155,"date":"2024-03-29T11:26:03","date_gmt":"2024-03-29T10:26:03","guid":{"rendered":"https:\/\/ambalaza-kartonska.com\/?post_type=product&#038;p=10155"},"modified":"2026-04-13T09:39:46","modified_gmt":"2026-04-13T07:39:46","slug":"kutija-za-kolace-bk-e-25020040mm-dnopoklopac","status":"publish","type":"product","link":"https:\/\/ambalaza-kartonska.com\/en\/proizvod\/kutija-za-kolace-bk-e-25020040mm-dnopoklopac\/","title":{"rendered":"Kutija za kola\u010de BK\/E 250*200*40mm dno+poklopac"},"content":{"rendered":"<h1 class=\"product_title entry-title\">Kutija za kola\u010de BK\/E 250*200*40mm dno+poklopac<\/h1>\n<p>&nbsp;<\/p>\n","protected":false},"excerpt":{"rendered":"<p>Dimenzija : 2B\/E 250*200*40mm dno+poklopac<br \/>\nPakiranje : 25 kom.<br \/>\nNa\u010din izrade : \u0161tancana ambala\u017ea<\/p>\n<p>Materijal : troslojni E val &#8211; bijelo bijeli<br \/>\nMogu\u0107nost tiska<br \/>\nMogu\u0107nost ka\u0161iranja &#8211; vi\u0161ebojni tisak<\/p>\n<div class=\"woocommerce-product-details__short-description\">\n<p>Kutija slu\u017ei samo za transport nije za direktan kontakt sa hranom!<\/p>\n<\/div>\n","protected":false},"featured_media":10159,"template":"","meta":[],"product_brand":[],"product_cat":[591,28],"product_tag":[69,87,63,79,83,62,70,86,85,84,82,81],"class_list":{"0":"post-10155","1":"product","2":"type-product","3":"status-publish","4":"has-post-thumbnail","6":"product_cat-izdvojeno","7":"product_cat-kutije-torte-i-kolace","8":"product_tag-ambalaza","9":"product_tag-ambalaza-za-pivo","10":"product_tag-craft-pivo","11":"product_tag-kartonske-kutije","12":"product_tag-kraft-pivo","13":"product_tag-kutija-za-pivo","14":"product_tag-kutije-za-boce","15":"product_tag-kutije-za-craft-pivo","16":"product_tag-kutije-za-pive","17":"product_tag-kutije-za-pivo","18":"product_tag-piva","19":"product_tag-pivo","21":"first","22":"instock","23":"featured","24":"taxable","25":"shipping-taxable","26":"purchasable","27":"product-type-simple"},"_links":{"self":[{"href":"https:\/\/ambalaza-kartonska.com\/en\/wp-json\/wp\/v2\/product\/10155","targetHints":{"allow":["GET"]}}],"collection":[{"href":"https:\/\/ambalaza-kartonska.com\/en\/wp-json\/wp\/v2\/product"}],"about":[{"href":"https:\/\/ambalaza-kartonska.com\/en\/wp-json\/wp\/v2\/types\/product"}],"wp:featuredmedia":[{"embeddable":true,"href":"https:\/\/ambalaza-kartonska.com\/en\/wp-json\/wp\/v2\/media\/10159"}],"wp:attachment":[{"href":"https:\/\/ambalaza-kartonska.com\/en\/wp-json\/wp\/v2\/media?parent=10155"}],"wp:term":[{"taxonomy":"product_brand","embeddable":true,"href":"https:\/\/ambalaza-kartonska.com\/en\/wp-json\/wp\/v2\/product_brand?post=10155"},{"taxonomy":"product_cat","embeddable":true,"href":"https:\/\/ambalaza-kartonska.com\/en\/wp-json\/wp\/v2\/product_cat?post=10155"},{"taxonomy":"product_tag","embeddable":true,"href":"https:\/\/ambalaza-kartonska.com\/en\/wp-json\/wp\/v2\/product_tag?post=10155"}],"curies":[{"name":"wp","href":"https:\/\/api.w.org\/{rel}","templated":true}]}}