{"id":10127,"date":"2024-03-16T15:28:21","date_gmt":"2024-03-16T14:28:21","guid":{"rendered":"https:\/\/ambalaza-kartonska.com\/?post_type=product&#038;p=10127"},"modified":"2026-04-08T13:49:16","modified_gmt":"2026-04-08T11:49:16","slug":"ukrasna-poklon-kutija-22013070mm-mljet-sa-slamicom","status":"publish","type":"product","link":"https:\/\/ambalaza-kartonska.com\/en\/proizvod\/ukrasna-poklon-kutija-22013070mm-mljet-sa-slamicom\/","title":{"rendered":"Ukrasna poklon kutija 220*130*70mm &#8211; MLJET sa slamicom"},"content":{"rendered":"<p>Poklon kutija sa prozirnom PVC folijom bez slamice<\/p>\n","protected":false},"excerpt":{"rendered":"<p>Dimenzija : 220*130*70<br \/>\nPakiranje : 25 kom.<\/p>\n<p>Materijal : kraftliner na licu 7 testliner na nali\u010dju<\/p>\n<p>Ispuna : drvena slamica<\/p>\n<p>Na\u010din izrade : \u0161tancana ambala\u017ea + ljepljena pvc folija<br \/>\nMogu\u0107nost tiska<br \/>\nMogu\u0107nost ka\u0161iranja &#8211; vi\u0161ebojni tisak<\/p>\n<p>&nbsp;<\/p>\n","protected":false},"featured_media":10130,"template":"","meta":[],"product_brand":[],"product_cat":[23,591,26],"product_tag":[69,87,63,174,165,79,83,62,70,75,86,85,84,74,82,81,65],"class_list":{"0":"post-10127","1":"product","2":"type-product","3":"status-publish","4":"has-post-thumbnail","6":"product_cat-exsclusive-ambalaza","7":"product_cat-izdvojeno","8":"product_cat-ukrasne-poklon-kutije","9":"product_tag-ambalaza","10":"product_tag-ambalaza-za-pivo","11":"product_tag-craft-pivo","12":"product_tag-kartonska-ambalaza","13":"product_tag-kartonska-kutija","14":"product_tag-kartonske-kutije","15":"product_tag-kraft-pivo","16":"product_tag-kutija-za-pivo","17":"product_tag-kutije-za-boce","18":"product_tag-kutije-za-butelje","19":"product_tag-kutije-za-craft-pivo","20":"product_tag-kutije-za-pive","21":"product_tag-kutije-za-pivo","22":"product_tag-kutije-za-vino","23":"product_tag-piva","24":"product_tag-pivo","25":"product_tag-poklon-kutije","27":"first","28":"instock","29":"featured","30":"taxable","31":"shipping-taxable","32":"purchasable","33":"product-type-simple"},"_links":{"self":[{"href":"https:\/\/ambalaza-kartonska.com\/en\/wp-json\/wp\/v2\/product\/10127","targetHints":{"allow":["GET"]}}],"collection":[{"href":"https:\/\/ambalaza-kartonska.com\/en\/wp-json\/wp\/v2\/product"}],"about":[{"href":"https:\/\/ambalaza-kartonska.com\/en\/wp-json\/wp\/v2\/types\/product"}],"wp:featuredmedia":[{"embeddable":true,"href":"https:\/\/ambalaza-kartonska.com\/en\/wp-json\/wp\/v2\/media\/10130"}],"wp:attachment":[{"href":"https:\/\/ambalaza-kartonska.com\/en\/wp-json\/wp\/v2\/media?parent=10127"}],"wp:term":[{"taxonomy":"product_brand","embeddable":true,"href":"https:\/\/ambalaza-kartonska.com\/en\/wp-json\/wp\/v2\/product_brand?post=10127"},{"taxonomy":"product_cat","embeddable":true,"href":"https:\/\/ambalaza-kartonska.com\/en\/wp-json\/wp\/v2\/product_cat?post=10127"},{"taxonomy":"product_tag","embeddable":true,"href":"https:\/\/ambalaza-kartonska.com\/en\/wp-json\/wp\/v2\/product_tag?post=10127"}],"curies":[{"name":"wp","href":"https:\/\/api.w.org\/{rel}","templated":true}]}}