{"id":10107,"date":"2024-03-11T18:21:47","date_gmt":"2024-03-11T17:21:47","guid":{"rendered":"https:\/\/ambalaza-kartonska.com\/?post_type=product&#038;p=10107"},"modified":"2026-02-02T16:14:03","modified_gmt":"2026-02-02T15:14:03","slug":"kutija-za-pizzu","status":"publish","type":"product","link":"https:\/\/ambalaza-kartonska.com\/en\/proizvod\/kutija-za-pizzu\/","title":{"rendered":"Kutija za pizzu 320*320*32mm + tisak 1\/0 &#8211; srednja"},"content":{"rendered":"<div class=\"wpb-content-wrapper\"><p>[vc_row][vc_column][vc_column_text woodmart_inline=&#8221;no&#8221; text_larger=&#8221;no&#8221;]Kutija slu\u017ei samo za transport nije za direktan kontakt sa hranom!<\/p>\n<p>Kutija za pizzu 320*320*32mm + tisak 1\/0 &#8211; srednja[\/vc_column_text][\/vc_column][\/vc_row]<\/p>\n<\/div>","protected":false},"excerpt":{"rendered":"<p>Dimenzija :\u00a0 320*320*32mm pizza<br \/>\nMaterijal : troslojni bijelo \/ bijeli\u00a0 e-val<br \/>\nPakiranje : 100 kom.<\/p>\n<p>Pakiranje na paleti : 4200 kom.<br \/>\nNa\u010din izrade : \u0161tancana ambala\u017ea sa tiskom u jednoj boji<\/p>\n<p>&nbsp;<\/p>\n","protected":false},"featured_media":10105,"template":"","meta":[],"product_brand":[],"product_cat":[591,625],"product_tag":[594,592,67],"class_list":{"0":"post-10107","1":"product","2":"type-product","3":"status-publish","4":"has-post-thumbnail","6":"product_cat-izdvojeno","7":"product_cat-kutije-za-pizzu","8":"product_tag-ambalaza-za-kolace","9":"product_tag-kartonska-kutija-za-kolace","10":"product_tag-kutija","12":"first","13":"outofstock","14":"taxable","15":"shipping-taxable","16":"purchasable","17":"product-type-simple"},"_links":{"self":[{"href":"https:\/\/ambalaza-kartonska.com\/en\/wp-json\/wp\/v2\/product\/10107","targetHints":{"allow":["GET"]}}],"collection":[{"href":"https:\/\/ambalaza-kartonska.com\/en\/wp-json\/wp\/v2\/product"}],"about":[{"href":"https:\/\/ambalaza-kartonska.com\/en\/wp-json\/wp\/v2\/types\/product"}],"wp:featuredmedia":[{"embeddable":true,"href":"https:\/\/ambalaza-kartonska.com\/en\/wp-json\/wp\/v2\/media\/10105"}],"wp:attachment":[{"href":"https:\/\/ambalaza-kartonska.com\/en\/wp-json\/wp\/v2\/media?parent=10107"}],"wp:term":[{"taxonomy":"product_brand","embeddable":true,"href":"https:\/\/ambalaza-kartonska.com\/en\/wp-json\/wp\/v2\/product_brand?post=10107"},{"taxonomy":"product_cat","embeddable":true,"href":"https:\/\/ambalaza-kartonska.com\/en\/wp-json\/wp\/v2\/product_cat?post=10107"},{"taxonomy":"product_tag","embeddable":true,"href":"https:\/\/ambalaza-kartonska.com\/en\/wp-json\/wp\/v2\/product_tag?post=10107"}],"curies":[{"name":"wp","href":"https:\/\/api.w.org\/{rel}","templated":true}]}}