{"id":10103,"date":"2024-03-11T18:01:23","date_gmt":"2024-03-11T17:01:23","guid":{"rendered":"https:\/\/ambalaza-kartonska.com\/?post_type=product&#038;p=10103"},"modified":"2026-02-02T16:14:03","modified_gmt":"2026-02-02T15:14:03","slug":"kutija-za-pizzu-26026032mm-tisak-1-0-mala","status":"publish","type":"product","link":"https:\/\/ambalaza-kartonska.com\/en\/proizvod\/kutija-za-pizzu-26026032mm-tisak-1-0-mala\/","title":{"rendered":"Kutija za pizzu 260*260*32mm + tisak 1\/0 &#8211; mala"},"content":{"rendered":"<p>Kutija slu\u017ei samo za transport nije za direktan kontakt sa hranom!<\/p>\n<p>&nbsp;<\/p>\n<p>Kutija za pizzu 260*260*32mm + tisak 1\/0 &#8211; mala<\/p>\n<p>&nbsp;<\/p>\n","protected":false},"excerpt":{"rendered":"<p>Dimenzija :\u00a0 260*260*32mm pizza<br \/>\nMaterijal : troslojni bijelo \/ bijeli\u00a0 e-val<br \/>\nPakiranje : 100 kom.<\/p>\n<p>Pakiranje na paleti : 5600 kom.<br \/>\nNa\u010din izrade : \u0161tancana ambala\u017ea sa tiskom u jednoj boji<\/p>\n<p>&nbsp;<\/p>\n","protected":false},"featured_media":10105,"template":"","meta":[],"product_brand":[],"product_cat":[591,625],"product_tag":[594,592,67],"class_list":{"0":"post-10103","1":"product","2":"type-product","3":"status-publish","4":"has-post-thumbnail","6":"product_cat-izdvojeno","7":"product_cat-kutije-za-pizzu","8":"product_tag-ambalaza-za-kolace","9":"product_tag-kartonska-kutija-za-kolace","10":"product_tag-kutija","12":"first","13":"outofstock","14":"taxable","15":"shipping-taxable","16":"purchasable","17":"product-type-simple"},"_links":{"self":[{"href":"https:\/\/ambalaza-kartonska.com\/en\/wp-json\/wp\/v2\/product\/10103","targetHints":{"allow":["GET"]}}],"collection":[{"href":"https:\/\/ambalaza-kartonska.com\/en\/wp-json\/wp\/v2\/product"}],"about":[{"href":"https:\/\/ambalaza-kartonska.com\/en\/wp-json\/wp\/v2\/types\/product"}],"wp:featuredmedia":[{"embeddable":true,"href":"https:\/\/ambalaza-kartonska.com\/en\/wp-json\/wp\/v2\/media\/10105"}],"wp:attachment":[{"href":"https:\/\/ambalaza-kartonska.com\/en\/wp-json\/wp\/v2\/media?parent=10103"}],"wp:term":[{"taxonomy":"product_brand","embeddable":true,"href":"https:\/\/ambalaza-kartonska.com\/en\/wp-json\/wp\/v2\/product_brand?post=10103"},{"taxonomy":"product_cat","embeddable":true,"href":"https:\/\/ambalaza-kartonska.com\/en\/wp-json\/wp\/v2\/product_cat?post=10103"},{"taxonomy":"product_tag","embeddable":true,"href":"https:\/\/ambalaza-kartonska.com\/en\/wp-json\/wp\/v2\/product_tag?post=10103"}],"curies":[{"name":"wp","href":"https:\/\/api.w.org\/{rel}","templated":true}]}}