{"id":10059,"date":"2024-02-27T11:08:39","date_gmt":"2024-02-27T10:08:39","guid":{"rendered":"https:\/\/ambalaza-kartonska.com\/?post_type=product&#038;p=10059"},"modified":"2026-04-07T16:01:01","modified_gmt":"2026-04-07T14:01:01","slug":"stancana-kutija-2b-e-240130120mm-za-torte-i-kolace","status":"publish","type":"product","link":"https:\/\/ambalaza-kartonska.com\/en\/proizvod\/stancana-kutija-2b-e-240130120mm-za-torte-i-kolace\/","title":{"rendered":"\u0160tancana kutija 2B\/E 240*130*120mm za torte i kola\u010de"},"content":{"rendered":"<p>Kutija slu\u017ei samo za transport nije za direktan kontakt sa hranom!<\/p>\n<p>&nbsp;<\/p>\n<p>\u0160tancana kutija 2B\/E 240*130*120mm za torte i kola\u010de<\/p>\n<p><a href=\"https:\/\/ambalaza-kartonska.com\/wp-content\/uploads\/2024\/02\/121216022MV-KUTIJA-ZA-KOLACE-240X130X120.pdf\">Nacrt kutije : 121216022MV KUTIJA ZA KOLACE 240X130X120<\/a><\/p>\n","protected":false},"excerpt":{"rendered":"<p>Dimenzija :\u00a0 240*130*120mm za torte i kola\u010de<br \/>\nMaterijal : troslojni bijelo \/ bijeli\u00a0 e-val<br \/>\nPakiranje : 50 kom.<br \/>\nNa\u010din izrade : \u0161tancana ambala\u017ea<br \/>\nMogu\u0107nost tiska<br \/>\nMogu\u0107nost ka\u0161iranja<\/p>\n","protected":false},"featured_media":501,"template":"","meta":[],"product_brand":[],"product_cat":[591,28],"product_tag":[594,592,67],"class_list":{"0":"post-10059","1":"product","2":"type-product","3":"status-publish","4":"has-post-thumbnail","6":"product_cat-izdvojeno","7":"product_cat-kutije-torte-i-kolace","8":"product_tag-ambalaza-za-kolace","9":"product_tag-kartonska-kutija-za-kolace","10":"product_tag-kutija","12":"first","13":"instock","14":"taxable","15":"shipping-taxable","16":"purchasable","17":"product-type-simple"},"_links":{"self":[{"href":"https:\/\/ambalaza-kartonska.com\/en\/wp-json\/wp\/v2\/product\/10059","targetHints":{"allow":["GET"]}}],"collection":[{"href":"https:\/\/ambalaza-kartonska.com\/en\/wp-json\/wp\/v2\/product"}],"about":[{"href":"https:\/\/ambalaza-kartonska.com\/en\/wp-json\/wp\/v2\/types\/product"}],"wp:featuredmedia":[{"embeddable":true,"href":"https:\/\/ambalaza-kartonska.com\/en\/wp-json\/wp\/v2\/media\/501"}],"wp:attachment":[{"href":"https:\/\/ambalaza-kartonska.com\/en\/wp-json\/wp\/v2\/media?parent=10059"}],"wp:term":[{"taxonomy":"product_brand","embeddable":true,"href":"https:\/\/ambalaza-kartonska.com\/en\/wp-json\/wp\/v2\/product_brand?post=10059"},{"taxonomy":"product_cat","embeddable":true,"href":"https:\/\/ambalaza-kartonska.com\/en\/wp-json\/wp\/v2\/product_cat?post=10059"},{"taxonomy":"product_tag","embeddable":true,"href":"https:\/\/ambalaza-kartonska.com\/en\/wp-json\/wp\/v2\/product_tag?post=10059"}],"curies":[{"name":"wp","href":"https:\/\/api.w.org\/{rel}","templated":true}]}}