{"id":8156,"date":"2011-04-27T20:34:00","date_gmt":"2011-04-27T19:34:00","guid":{"rendered":"https:\/\/ambalaza-kartonska.com\/product\/kandit-tasche-1016cm-weis-1000-stk-num-7\/"},"modified":"2011-04-27T20:34:00","modified_gmt":"2011-04-27T19:34:00","slug":"kandit-tasche-1016cm-weis-1000-stk-num-7","status":"publish","type":"product","link":"https:\/\/ambalaza-kartonska.com\/de\/proizvod\/kandit-tasche-1016cm-weis-1000-stk-num-7\/","title":{"rendered":"Kandit Tasche 10*16cm wei\u00df 1000 Stk. Num. 7"},"content":{"rendered":"<p>Kandit Tasche 10*16cm wei\u00df 1000 Stk. Num. 7<\/p>\n","protected":false},"excerpt":{"rendered":"<p>Verpackungseinheit: 1000 Stk.<br \/>\nQualit\u00e4t: wei\u00dfes Kraftpapier 40 g.<br \/>\nF\u00fcr die Bedruckung von Taschen betr\u00e4gt die Mindestmenge pro Bestellung 10.000 St\u00fcck.<br \/>\nDer Preis f\u00fcr bedruckte Taschen erh\u00f6ht sich um 5%.<\/p>\n","protected":false},"featured_media":8157,"template":"","meta":[],"product_brand":[],"product_cat":[347],"product_tag":[],"class_list":{"0":"post-8156","1":"product","2":"type-product","3":"status-publish","4":"has-post-thumbnail","6":"product_cat-nekategorizirano","8":"first","9":"outofstock","10":"taxable","11":"shipping-taxable","12":"purchasable","13":"product-type-simple"},"_links":{"self":[{"href":"https:\/\/ambalaza-kartonska.com\/de\/wp-json\/wp\/v2\/product\/8156","targetHints":{"allow":["GET"]}}],"collection":[{"href":"https:\/\/ambalaza-kartonska.com\/de\/wp-json\/wp\/v2\/product"}],"about":[{"href":"https:\/\/ambalaza-kartonska.com\/de\/wp-json\/wp\/v2\/types\/product"}],"wp:featuredmedia":[{"embeddable":true,"href":"https:\/\/ambalaza-kartonska.com\/de\/wp-json\/wp\/v2\/media\/8157"}],"wp:attachment":[{"href":"https:\/\/ambalaza-kartonska.com\/de\/wp-json\/wp\/v2\/media?parent=8156"}],"wp:term":[{"taxonomy":"product_brand","embeddable":true,"href":"https:\/\/ambalaza-kartonska.com\/de\/wp-json\/wp\/v2\/product_brand?post=8156"},{"taxonomy":"product_cat","embeddable":true,"href":"https:\/\/ambalaza-kartonska.com\/de\/wp-json\/wp\/v2\/product_cat?post=8156"},{"taxonomy":"product_tag","embeddable":true,"href":"https:\/\/ambalaza-kartonska.com\/de\/wp-json\/wp\/v2\/product_tag?post=8156"}],"curies":[{"name":"wp","href":"https:\/\/api.w.org\/{rel}","templated":true}]}}