{"id":8144,"date":"2011-04-29T21:13:54","date_gmt":"2011-04-29T20:13:54","guid":{"rendered":"https:\/\/ambalaza-kartonska.com\/product\/kandit-tasche-1424cm-weiss-1000-stk-num-13\/"},"modified":"2011-04-29T21:13:54","modified_gmt":"2011-04-29T20:13:54","slug":"kandit-tasche-1424cm-weiss-1000-stk-num-13","status":"publish","type":"product","link":"https:\/\/ambalaza-kartonska.com\/de\/proizvod\/kandit-tasche-1424cm-weiss-1000-stk-num-13\/","title":{"rendered":"Kandit Tasche 14*24cm wei\u00df 1000 Stk. Num. 13"},"content":{"rendered":"<p>Kandit Tasche 14*24cm wei\u00df 1000 Stk. Num. 13<\/p>\n","protected":false},"excerpt":{"rendered":"<p>Verpackungseinheit: 1000 Stk.<br \/>\nQualit\u00e4t: wei\u00dfes Kraftpapier 40 g.<br \/>\nF\u00fcr die Bedruckung von Taschen betr\u00e4gt die Mindestmenge pro Bestellung 10.000 St\u00fcck.<br \/>\nDer Preis f\u00fcr bedruckte Taschen erh\u00f6ht sich um 5%.<\/p>\n","protected":false},"featured_media":8145,"template":"","meta":[],"product_brand":[],"product_cat":[347],"product_tag":[],"class_list":{"0":"post-8144","1":"product","2":"type-product","3":"status-publish","4":"has-post-thumbnail","6":"product_cat-nekategorizirano","8":"first","9":"outofstock","10":"taxable","11":"shipping-taxable","12":"purchasable","13":"product-type-simple"},"_links":{"self":[{"href":"https:\/\/ambalaza-kartonska.com\/de\/wp-json\/wp\/v2\/product\/8144","targetHints":{"allow":["GET"]}}],"collection":[{"href":"https:\/\/ambalaza-kartonska.com\/de\/wp-json\/wp\/v2\/product"}],"about":[{"href":"https:\/\/ambalaza-kartonska.com\/de\/wp-json\/wp\/v2\/types\/product"}],"wp:featuredmedia":[{"embeddable":true,"href":"https:\/\/ambalaza-kartonska.com\/de\/wp-json\/wp\/v2\/media\/8145"}],"wp:attachment":[{"href":"https:\/\/ambalaza-kartonska.com\/de\/wp-json\/wp\/v2\/media?parent=8144"}],"wp:term":[{"taxonomy":"product_brand","embeddable":true,"href":"https:\/\/ambalaza-kartonska.com\/de\/wp-json\/wp\/v2\/product_brand?post=8144"},{"taxonomy":"product_cat","embeddable":true,"href":"https:\/\/ambalaza-kartonska.com\/de\/wp-json\/wp\/v2\/product_cat?post=8144"},{"taxonomy":"product_tag","embeddable":true,"href":"https:\/\/ambalaza-kartonska.com\/de\/wp-json\/wp\/v2\/product_tag?post=8144"}],"curies":[{"name":"wp","href":"https:\/\/api.w.org\/{rel}","templated":true}]}}