{"id":8135,"date":"2011-04-29T22:10:47","date_gmt":"2011-04-29T21:10:47","guid":{"rendered":"https:\/\/ambalaza-kartonska.com\/product\/tasche-fur-kalender-31x45-cm-weis\/"},"modified":"2011-04-29T22:10:47","modified_gmt":"2011-04-29T21:10:47","slug":"tasche-fur-kalender-31x45-cm-weis","status":"publish","type":"product","link":"https:\/\/ambalaza-kartonska.com\/de\/proizvod\/tasche-fur-kalender-31x45-cm-weis\/","title":{"rendered":"Tasche f\u00fcr Kalender 31&#215;45 cm &#8211; wei\u00df"},"content":{"rendered":"<p>Tasche f\u00fcr Kalender 31&#215;45 cm &#8211; wei\u00df<\/p>\n","protected":false},"excerpt":{"rendered":"<p>wei\u00dfes Papier<br \/>\nGewicht: 60 &#8211; 70 g.<\/p>\n","protected":false},"featured_media":0,"template":"","meta":[],"product_brand":[],"product_cat":[281],"product_tag":[],"class_list":{"0":"post-8135","1":"product","2":"type-product","3":"status-publish","5":"product_cat-taschen","7":"first","8":"outofstock","9":"taxable","10":"shipping-taxable","11":"purchasable","12":"product-type-simple"},"_links":{"self":[{"href":"https:\/\/ambalaza-kartonska.com\/de\/wp-json\/wp\/v2\/product\/8135","targetHints":{"allow":["GET"]}}],"collection":[{"href":"https:\/\/ambalaza-kartonska.com\/de\/wp-json\/wp\/v2\/product"}],"about":[{"href":"https:\/\/ambalaza-kartonska.com\/de\/wp-json\/wp\/v2\/types\/product"}],"wp:attachment":[{"href":"https:\/\/ambalaza-kartonska.com\/de\/wp-json\/wp\/v2\/media?parent=8135"}],"wp:term":[{"taxonomy":"product_brand","embeddable":true,"href":"https:\/\/ambalaza-kartonska.com\/de\/wp-json\/wp\/v2\/product_brand?post=8135"},{"taxonomy":"product_cat","embeddable":true,"href":"https:\/\/ambalaza-kartonska.com\/de\/wp-json\/wp\/v2\/product_cat?post=8135"},{"taxonomy":"product_tag","embeddable":true,"href":"https:\/\/ambalaza-kartonska.com\/de\/wp-json\/wp\/v2\/product_tag?post=8135"}],"curies":[{"name":"wp","href":"https:\/\/api.w.org\/{rel}","templated":true}]}}