{"id":8110,"date":"2011-05-23T09:50:34","date_gmt":"2011-05-23T08:50:34","guid":{"rendered":"https:\/\/ambalaza-kartonska.com\/product\/natron-tasche-22x10x28cm-weis\/"},"modified":"2011-05-23T09:50:34","modified_gmt":"2011-05-23T08:50:34","slug":"natron-tasche-22x10x28cm-weis","status":"publish","type":"product","link":"https:\/\/ambalaza-kartonska.com\/de\/proizvod\/natron-tasche-22x10x28cm-weis\/","title":{"rendered":"Natron Tasche 22x10x28cm &#8211; wei\u00df"},"content":{"rendered":"<p>Natron Tasche 22x10x28cm &#8211; wei\u00df<\/p>\n","protected":false},"excerpt":{"rendered":"<p>Hosentr\u00e4gertaschen<br \/>\n&#8211; mit 8-fach gefaltetem Griff f\u00fcr l\u00e4ngere Haltbarkeit<br \/>\n&#8211; wei\u00dfes Kraftpapier<br \/>\n&#8211; Flacher Griff<br \/>\n&#8211; Verpackung 250 St\u00fcck im Karton<br \/>\n&#8211; die M\u00f6glichkeit des Siebdrucks f\u00fcr kleinere Mengen oder des Flexodrucks f\u00fcr gr\u00f6\u00dfere Mengen<br \/>\n&#8211; Flexodruck von 5000 Stk.<br \/>\nSTANDARDABMESSUNG<\/p>\n","protected":false},"featured_media":8111,"template":"","meta":[],"product_brand":[],"product_cat":[277],"product_tag":[],"class_list":{"0":"post-8110","1":"product","2":"type-product","3":"status-publish","4":"has-post-thumbnail","6":"product_cat-taschen-mit-geradem-griff","8":"first","9":"outofstock","10":"taxable","11":"shipping-taxable","12":"purchasable","13":"product-type-simple"},"_links":{"self":[{"href":"https:\/\/ambalaza-kartonska.com\/de\/wp-json\/wp\/v2\/product\/8110","targetHints":{"allow":["GET"]}}],"collection":[{"href":"https:\/\/ambalaza-kartonska.com\/de\/wp-json\/wp\/v2\/product"}],"about":[{"href":"https:\/\/ambalaza-kartonska.com\/de\/wp-json\/wp\/v2\/types\/product"}],"wp:featuredmedia":[{"embeddable":true,"href":"https:\/\/ambalaza-kartonska.com\/de\/wp-json\/wp\/v2\/media\/8111"}],"wp:attachment":[{"href":"https:\/\/ambalaza-kartonska.com\/de\/wp-json\/wp\/v2\/media?parent=8110"}],"wp:term":[{"taxonomy":"product_brand","embeddable":true,"href":"https:\/\/ambalaza-kartonska.com\/de\/wp-json\/wp\/v2\/product_brand?post=8110"},{"taxonomy":"product_cat","embeddable":true,"href":"https:\/\/ambalaza-kartonska.com\/de\/wp-json\/wp\/v2\/product_cat?post=8110"},{"taxonomy":"product_tag","embeddable":true,"href":"https:\/\/ambalaza-kartonska.com\/de\/wp-json\/wp\/v2\/product_tag?post=8110"}],"curies":[{"name":"wp","href":"https:\/\/api.w.org\/{rel}","templated":true}]}}