{"id":8102,"date":"2011-06-08T15:05:29","date_gmt":"2011-06-08T14:05:29","guid":{"rendered":"https:\/\/ambalaza-kartonska.com\/product\/natron-tasche-26x17x25cm-weis\/"},"modified":"2011-06-08T15:05:29","modified_gmt":"2011-06-08T14:05:29","slug":"natron-tasche-26x17x25cm-weis","status":"publish","type":"product","link":"https:\/\/ambalaza-kartonska.com\/de\/proizvod\/natron-tasche-26x17x25cm-weis\/","title":{"rendered":"Natron Tasche 26x17x25cm &#8211; wei\u00df"},"content":{"rendered":"<p>Natron Tasche 26x17x25cm &#8211; wei\u00df<\/p>\n","protected":false},"excerpt":{"rendered":"<p>Hosentr\u00e4gertaschen<br \/>\n&#8211; mit 8-fach gefaltetem Griff f\u00fcr l\u00e4ngere Haltbarkeit<br \/>\n&#8211; braunes Kraftpapier<br \/>\n&#8211; Flacher Griff<br \/>\n&#8211; Verpackung 250 St\u00fcck im Karton<br \/>\n&#8211; die M\u00f6glichkeit des Siebdrucks f\u00fcr kleinere Mengen oder des Flexodrucks f\u00fcr gr\u00f6\u00dfere Mengen<br \/>\n&#8211; Flexodruck von 5000 Stk.<br \/>\nSTANDARDABMESSUNG<\/p>\n","protected":false},"featured_media":8103,"template":"","meta":[],"product_brand":[],"product_cat":[277],"product_tag":[],"class_list":{"0":"post-8102","1":"product","2":"type-product","3":"status-publish","4":"has-post-thumbnail","6":"product_cat-taschen-mit-geradem-griff","8":"first","9":"outofstock","10":"taxable","11":"shipping-taxable","12":"purchasable","13":"product-type-simple"},"_links":{"self":[{"href":"https:\/\/ambalaza-kartonska.com\/de\/wp-json\/wp\/v2\/product\/8102","targetHints":{"allow":["GET"]}}],"collection":[{"href":"https:\/\/ambalaza-kartonska.com\/de\/wp-json\/wp\/v2\/product"}],"about":[{"href":"https:\/\/ambalaza-kartonska.com\/de\/wp-json\/wp\/v2\/types\/product"}],"wp:featuredmedia":[{"embeddable":true,"href":"https:\/\/ambalaza-kartonska.com\/de\/wp-json\/wp\/v2\/media\/8103"}],"wp:attachment":[{"href":"https:\/\/ambalaza-kartonska.com\/de\/wp-json\/wp\/v2\/media?parent=8102"}],"wp:term":[{"taxonomy":"product_brand","embeddable":true,"href":"https:\/\/ambalaza-kartonska.com\/de\/wp-json\/wp\/v2\/product_brand?post=8102"},{"taxonomy":"product_cat","embeddable":true,"href":"https:\/\/ambalaza-kartonska.com\/de\/wp-json\/wp\/v2\/product_cat?post=8102"},{"taxonomy":"product_tag","embeddable":true,"href":"https:\/\/ambalaza-kartonska.com\/de\/wp-json\/wp\/v2\/product_tag?post=8102"}],"curies":[{"name":"wp","href":"https:\/\/api.w.org\/{rel}","templated":true}]}}