{"id":7891,"date":"2019-02-01T14:54:02","date_gmt":"2019-02-01T13:54:02","guid":{"rendered":"https:\/\/ambalaza-kartonska.com\/product\/gestanzte-schachtel-k2ke-275x62x270mm-4x05l-craft-beer\/"},"modified":"2019-02-01T14:54:02","modified_gmt":"2019-02-01T13:54:02","slug":"gestanzte-schachtel-k2ke-275x62x270mm-4x05l-craft-beer","status":"publish","type":"product","link":"https:\/\/ambalaza-kartonska.com\/de\/proizvod\/gestanzte-schachtel-k2ke-275x62x270mm-4x05l-craft-beer\/","title":{"rendered":"Gestanzte Schachtel K2Ke 275x62x270mm 4&#215;0,5l Craft Beer"},"content":{"rendered":"<p>Kartontr\u00e4ger f\u00fcr 4 Flaschen \u00e0 0,5l<\/p>\n<p>Durchmesser: 65 mm<\/p>\n<p>H\u00f6he: 270 mm<\/p>\n","protected":false},"excerpt":{"rendered":"<p>Abmessung: K2K\/e 275 x 62 x 270 mm<br \/>\nVerpackung: 50 St\u00fcck<br \/>\nHerstellungsverfahren: gestanzte Verpackung<br \/>\nM\u00f6glichkeit des Druckens<br \/>\nM\u00f6glichkeit der Laminierung &#8211; Mehrfarbendruck<\/p>\n","protected":false},"featured_media":7897,"template":"","meta":[],"product_brand":[],"product_cat":[217],"product_tag":[209,208,200,214,211,212,213,201,210,207,204,203],"class_list":{"0":"post-7891","1":"product","2":"type-product","3":"status-publish","4":"has-post-thumbnail","6":"product_cat-boxen-fur-05l","7":"product_tag-bier-de","8":"product_tag-bier","9":"product_tag-bierkiste","10":"product_tag-bierverpackung","11":"product_tag-boxen-fur-bier","12":"product_tag-boxen-fur-bier-de","13":"product_tag-boxen-fur-craft-beer","14":"product_tag-craft-bier","15":"product_tag-handgemachtes-bier","16":"product_tag-kartons","17":"product_tag-kasten-fur-flaschen","18":"product_tag-verpackung","20":"first","21":"instock","22":"featured","23":"taxable","24":"shipping-taxable","25":"purchasable","26":"product-type-simple"},"_links":{"self":[{"href":"https:\/\/ambalaza-kartonska.com\/de\/wp-json\/wp\/v2\/product\/7891","targetHints":{"allow":["GET"]}}],"collection":[{"href":"https:\/\/ambalaza-kartonska.com\/de\/wp-json\/wp\/v2\/product"}],"about":[{"href":"https:\/\/ambalaza-kartonska.com\/de\/wp-json\/wp\/v2\/types\/product"}],"wp:featuredmedia":[{"embeddable":true,"href":"https:\/\/ambalaza-kartonska.com\/de\/wp-json\/wp\/v2\/media\/7897"}],"wp:attachment":[{"href":"https:\/\/ambalaza-kartonska.com\/de\/wp-json\/wp\/v2\/media?parent=7891"}],"wp:term":[{"taxonomy":"product_brand","embeddable":true,"href":"https:\/\/ambalaza-kartonska.com\/de\/wp-json\/wp\/v2\/product_brand?post=7891"},{"taxonomy":"product_cat","embeddable":true,"href":"https:\/\/ambalaza-kartonska.com\/de\/wp-json\/wp\/v2\/product_cat?post=7891"},{"taxonomy":"product_tag","embeddable":true,"href":"https:\/\/ambalaza-kartonska.com\/de\/wp-json\/wp\/v2\/product_tag?post=7891"}],"curies":[{"name":"wp","href":"https:\/\/api.w.org\/{rel}","templated":true}]}}