{"id":7872,"date":"2020-01-31T09:22:47","date_gmt":"2020-01-31T08:22:47","guid":{"rendered":"https:\/\/ambalaza-kartonska.com\/product\/gestanzte-schachtel-k2k-e-205x130x270mm-6x05l-craft-beer\/"},"modified":"2020-01-31T09:22:47","modified_gmt":"2020-01-31T08:22:47","slug":"gestanzte-schachtel-k2k-e-205x130x270mm-6x05l-craft-beer","status":"publish","type":"product","link":"https:\/\/ambalaza-kartonska.com\/de\/proizvod\/gestanzte-schachtel-k2k-e-205x130x270mm-6x05l-craft-beer\/","title":{"rendered":"Gestanzte Schachtel K2K\/E 205x130x270mm 6&#215;0,5l Craft Beer"},"content":{"rendered":"<p>Kartontr\u00e4ger f\u00fcr 6 Flaschen \u00e0 0,5l &#8211; gerippt<\/p>\n<p>Verst\u00e4rkter Tragegriff<\/p>\n<p>Durchmesser: 65 mm<\/p>\n<p>H\u00f6he: 270 mm<\/p>\n","protected":false},"excerpt":{"rendered":"<p>Abmessung: K2K\/E 205 x 130 x 270 mm<br \/>\nVerpackung: 50 St\u00fcck<br \/>\nHerstellungsverfahren: gestanzte Verpackung<br \/>\nM\u00f6glichkeit des Druckens<br \/>\nM\u00f6glichkeit der Laminierung &#8211; Mehrfarbendruck<\/p>\n","protected":false},"featured_media":7878,"template":"","meta":[],"product_brand":[],"product_cat":[217],"product_tag":[208,209,200,214,211,212,213,201,210,207,204,203],"class_list":{"0":"post-7872","1":"product","2":"type-product","3":"status-publish","4":"has-post-thumbnail","6":"product_cat-boxen-fur-05l","7":"product_tag-bier","8":"product_tag-bier-de","9":"product_tag-bierkiste","10":"product_tag-bierverpackung","11":"product_tag-boxen-fur-bier","12":"product_tag-boxen-fur-bier-de","13":"product_tag-boxen-fur-craft-beer","14":"product_tag-craft-bier","15":"product_tag-handgemachtes-bier","16":"product_tag-kartons","17":"product_tag-kasten-fur-flaschen","18":"product_tag-verpackung","20":"first","21":"instock","22":"featured","23":"taxable","24":"shipping-taxable","25":"purchasable","26":"product-type-simple"},"_links":{"self":[{"href":"https:\/\/ambalaza-kartonska.com\/de\/wp-json\/wp\/v2\/product\/7872","targetHints":{"allow":["GET"]}}],"collection":[{"href":"https:\/\/ambalaza-kartonska.com\/de\/wp-json\/wp\/v2\/product"}],"about":[{"href":"https:\/\/ambalaza-kartonska.com\/de\/wp-json\/wp\/v2\/types\/product"}],"wp:featuredmedia":[{"embeddable":true,"href":"https:\/\/ambalaza-kartonska.com\/de\/wp-json\/wp\/v2\/media\/7878"}],"wp:attachment":[{"href":"https:\/\/ambalaza-kartonska.com\/de\/wp-json\/wp\/v2\/media?parent=7872"}],"wp:term":[{"taxonomy":"product_brand","embeddable":true,"href":"https:\/\/ambalaza-kartonska.com\/de\/wp-json\/wp\/v2\/product_brand?post=7872"},{"taxonomy":"product_cat","embeddable":true,"href":"https:\/\/ambalaza-kartonska.com\/de\/wp-json\/wp\/v2\/product_cat?post=7872"},{"taxonomy":"product_tag","embeddable":true,"href":"https:\/\/ambalaza-kartonska.com\/de\/wp-json\/wp\/v2\/product_tag?post=7872"}],"curies":[{"name":"wp","href":"https:\/\/api.w.org\/{rel}","templated":true}]}}