{"id":7730,"date":"2020-02-24T16:40:42","date_gmt":"2020-02-24T15:40:42","guid":{"rendered":"https:\/\/ambalaza-kartonska.com\/product\/gestanzte-box-bk-e-120120120mm-bodendeckel\/"},"modified":"2020-02-24T16:40:42","modified_gmt":"2020-02-24T15:40:42","slug":"gestanzte-box-bk-e-120120120mm-bodendeckel","status":"publish","type":"product","link":"https:\/\/ambalaza-kartonska.com\/de\/proizvod\/gestanzte-box-bk-e-120120120mm-bodendeckel\/","title":{"rendered":"Gestanzte Box BK\/E 120*120*120mm Boden+Deckel"},"content":{"rendered":"<p>Gestanzte Box BK\/E 120*120*120mm Boden+Deckel<\/p>\n","protected":false},"excerpt":{"rendered":"<p>Abmessung: BK\/E 120*120*120mm Boden+Deckel<br \/>\nVerpackung: 50 St\u00fcck<br \/>\nHerstellungsverfahren: gestanzte Verpackung<\/p>\n<p>Material: dreischichtige E-Welle wei\u00df braun oder wei\u00df wei\u00df<br \/>\nM\u00f6glichkeit des Druckens<br \/>\nM\u00f6glichkeit der Laminierung &#8211; Mehrfarbendruck<\/p>\n","protected":false},"featured_media":7731,"template":"","meta":[],"product_brand":[],"product_cat":[239,238],"product_tag":[209,208,200,214,212,211,213,201,202,220,210,207,219,204,203],"class_list":{"0":"post-7730","1":"product","2":"type-product","3":"status-publish","4":"has-post-thumbnail","6":"product_cat-boxen-unten-deckel","7":"product_cat-geschenkschachteln","8":"product_tag-bier-de","9":"product_tag-bier","10":"product_tag-bierkiste","11":"product_tag-bierverpackung","12":"product_tag-boxen-fur-bier-de","13":"product_tag-boxen-fur-bier","14":"product_tag-boxen-fur-craft-beer","15":"product_tag-craft-bier","16":"product_tag-geschenkbox","17":"product_tag-geschenkverpackung","18":"product_tag-handgemachtes-bier","19":"product_tag-kartons","20":"product_tag-kasten","21":"product_tag-kasten-fur-flaschen","22":"product_tag-verpackung","24":"first","25":"instock","26":"featured","27":"taxable","28":"shipping-taxable","29":"purchasable","30":"product-type-simple"},"_links":{"self":[{"href":"https:\/\/ambalaza-kartonska.com\/de\/wp-json\/wp\/v2\/product\/7730","targetHints":{"allow":["GET"]}}],"collection":[{"href":"https:\/\/ambalaza-kartonska.com\/de\/wp-json\/wp\/v2\/product"}],"about":[{"href":"https:\/\/ambalaza-kartonska.com\/de\/wp-json\/wp\/v2\/types\/product"}],"wp:featuredmedia":[{"embeddable":true,"href":"https:\/\/ambalaza-kartonska.com\/de\/wp-json\/wp\/v2\/media\/7731"}],"wp:attachment":[{"href":"https:\/\/ambalaza-kartonska.com\/de\/wp-json\/wp\/v2\/media?parent=7730"}],"wp:term":[{"taxonomy":"product_brand","embeddable":true,"href":"https:\/\/ambalaza-kartonska.com\/de\/wp-json\/wp\/v2\/product_brand?post=7730"},{"taxonomy":"product_cat","embeddable":true,"href":"https:\/\/ambalaza-kartonska.com\/de\/wp-json\/wp\/v2\/product_cat?post=7730"},{"taxonomy":"product_tag","embeddable":true,"href":"https:\/\/ambalaza-kartonska.com\/de\/wp-json\/wp\/v2\/product_tag?post=7730"}],"curies":[{"name":"wp","href":"https:\/\/api.w.org\/{rel}","templated":true}]}}