{"id":7622,"date":"2020-03-30T14:42:39","date_gmt":"2020-03-30T13:42:39","guid":{"rendered":"https:\/\/ambalaza-kartonska.com\/product\/pragekarton-bk-e-3507575mm-1075l\/"},"modified":"2020-03-30T14:42:39","modified_gmt":"2020-03-30T13:42:39","slug":"pragekarton-bk-e-3507575mm-1075l","status":"publish","type":"product","link":"https:\/\/ambalaza-kartonska.com\/de\/proizvod\/pragekarton-bk-e-3507575mm-1075l\/","title":{"rendered":"Pr\u00e4gekarton BK\/E 350*75*75mm 1*0,75l"},"content":{"rendered":"","protected":false},"excerpt":{"rendered":"<p>Dimenzija : 350*75*75mm 1*0,75l<\/p>\n<p>Promjer boce : 75<br \/>\nVisina boce : 350<br \/>\nMaterijal : e val &#8211; bijelo bijeli ili bijelo sme\u0111i<br \/>\nNa\u010din izrade : \u0161tancana ambala\u017ea<br \/>\nMogu\u0107nost tiska<br \/>\nMogu\u0107nost ka\u0161iranja<\/p>\n","protected":false},"featured_media":7623,"template":"","meta":[],"product_brand":[],"product_cat":[216,228],"product_tag":[208,209,200,214,212,211,213,205,201,202,210,207,206,204,234,203],"class_list":{"0":"post-7622","1":"product","2":"type-product","3":"status-publish","4":"has-post-thumbnail","6":"product_cat-boxen-fur-1075-l","7":"product_cat-faltkarten-versandkarten-webshop-freundlich","8":"product_tag-bier","9":"product_tag-bier-de","10":"product_tag-bierkiste","11":"product_tag-bierverpackung","12":"product_tag-boxen-fur-bier-de","13":"product_tag-boxen-fur-bier","14":"product_tag-boxen-fur-craft-beer","15":"product_tag-boxen-fur-wein","16":"product_tag-craft-bier","17":"product_tag-geschenkbox","18":"product_tag-handgemachtes-bier","19":"product_tag-kartons","20":"product_tag-kasten-fur-flaschen-de","21":"product_tag-kasten-fur-flaschen","22":"product_tag-schachteln-fur-olivenol","23":"product_tag-verpackung","25":"first","26":"instock","27":"featured","28":"taxable","29":"shipping-taxable","30":"purchasable","31":"product-type-simple"},"_links":{"self":[{"href":"https:\/\/ambalaza-kartonska.com\/de\/wp-json\/wp\/v2\/product\/7622","targetHints":{"allow":["GET"]}}],"collection":[{"href":"https:\/\/ambalaza-kartonska.com\/de\/wp-json\/wp\/v2\/product"}],"about":[{"href":"https:\/\/ambalaza-kartonska.com\/de\/wp-json\/wp\/v2\/types\/product"}],"wp:featuredmedia":[{"embeddable":true,"href":"https:\/\/ambalaza-kartonska.com\/de\/wp-json\/wp\/v2\/media\/7623"}],"wp:attachment":[{"href":"https:\/\/ambalaza-kartonska.com\/de\/wp-json\/wp\/v2\/media?parent=7622"}],"wp:term":[{"taxonomy":"product_brand","embeddable":true,"href":"https:\/\/ambalaza-kartonska.com\/de\/wp-json\/wp\/v2\/product_brand?post=7622"},{"taxonomy":"product_cat","embeddable":true,"href":"https:\/\/ambalaza-kartonska.com\/de\/wp-json\/wp\/v2\/product_cat?post=7622"},{"taxonomy":"product_tag","embeddable":true,"href":"https:\/\/ambalaza-kartonska.com\/de\/wp-json\/wp\/v2\/product_tag?post=7622"}],"curies":[{"name":"wp","href":"https:\/\/api.w.org\/{rel}","templated":true}]}}