{"id":7575,"date":"2020-05-06T13:48:29","date_gmt":"2020-05-06T12:48:29","guid":{"rendered":"https:\/\/ambalaza-kartonska.com\/product\/gestanzte-schachtel-bk-e-15515542mm\/"},"modified":"2020-05-06T13:48:29","modified_gmt":"2020-05-06T12:48:29","slug":"gestanzte-schachtel-bk-e-15515542mm","status":"publish","type":"product","link":"https:\/\/ambalaza-kartonska.com\/de\/proizvod\/gestanzte-schachtel-bk-e-15515542mm\/","title":{"rendered":"Gestanzte Schachtel BK\/E 155*155*42mm"},"content":{"rendered":"<p>Gestanzte Schachtel BK\/E 155*155*42mm<\/p>\n","protected":false},"excerpt":{"rendered":"<p>Abmessung: BK\/E 155*155*42mm<br \/>\nVerpackung: 25 St\u00fcck<br \/>\nHerstellungsverfahren: gestanzte Verpackung<\/p>\n<p>Material: dreischichtige E-Welle &#8211; wei\u00df braun oder wei\u00df wei\u00df<br \/>\nM\u00f6glichkeit des Druckens<br \/>\nM\u00f6glichkeit der Laminierung &#8211; Mehrfarbendruck<\/p>\n","protected":false},"featured_media":7535,"template":"","meta":[],"product_brand":[],"product_cat":[228],"product_tag":[208,209,200,214,212,211,213,201,210,207,204,203],"class_list":{"0":"post-7575","1":"product","2":"type-product","3":"status-publish","4":"has-post-thumbnail","6":"product_cat-faltkarten-versandkarten-webshop-freundlich","7":"product_tag-bier","8":"product_tag-bier-de","9":"product_tag-bierkiste","10":"product_tag-bierverpackung","11":"product_tag-boxen-fur-bier-de","12":"product_tag-boxen-fur-bier","13":"product_tag-boxen-fur-craft-beer","14":"product_tag-craft-bier","15":"product_tag-handgemachtes-bier","16":"product_tag-kartons","17":"product_tag-kasten-fur-flaschen","18":"product_tag-verpackung","20":"first","21":"instock","22":"featured","23":"taxable","24":"shipping-taxable","25":"purchasable","26":"product-type-simple"},"_links":{"self":[{"href":"https:\/\/ambalaza-kartonska.com\/de\/wp-json\/wp\/v2\/product\/7575","targetHints":{"allow":["GET"]}}],"collection":[{"href":"https:\/\/ambalaza-kartonska.com\/de\/wp-json\/wp\/v2\/product"}],"about":[{"href":"https:\/\/ambalaza-kartonska.com\/de\/wp-json\/wp\/v2\/types\/product"}],"wp:featuredmedia":[{"embeddable":true,"href":"https:\/\/ambalaza-kartonska.com\/de\/wp-json\/wp\/v2\/media\/7535"}],"wp:attachment":[{"href":"https:\/\/ambalaza-kartonska.com\/de\/wp-json\/wp\/v2\/media?parent=7575"}],"wp:term":[{"taxonomy":"product_brand","embeddable":true,"href":"https:\/\/ambalaza-kartonska.com\/de\/wp-json\/wp\/v2\/product_brand?post=7575"},{"taxonomy":"product_cat","embeddable":true,"href":"https:\/\/ambalaza-kartonska.com\/de\/wp-json\/wp\/v2\/product_cat?post=7575"},{"taxonomy":"product_tag","embeddable":true,"href":"https:\/\/ambalaza-kartonska.com\/de\/wp-json\/wp\/v2\/product_tag?post=7575"}],"curies":[{"name":"wp","href":"https:\/\/api.w.org\/{rel}","templated":true}]}}