{"id":12054,"date":"2025-12-13T12:31:20","date_gmt":"2025-12-13T10:31:20","guid":{"rendered":"https:\/\/ambalaza-kartonska.com\/?post_type=product&#038;p=12054"},"modified":"2026-02-19T12:00:15","modified_gmt":"2026-02-19T11:00:15","slug":"poklon-kutija-k2k-e-9090240mm-kruska-viljamovka","status":"publish","type":"product","link":"https:\/\/ambalaza-kartonska.com\/de\/proizvod\/poklon-kutija-k2k-e-9090240mm-kruska-viljamovka\/","title":{"rendered":"Poklon kutija K2K\/e 90*90*240mm Kru\u0161ka Viljamovka"},"content":{"rendered":"<div class=\"wpb-content-wrapper\"><p>[vc_row][vc_column][\/vc_column][\/vc_row]<\/p>\n<\/div>","protected":false},"excerpt":{"rendered":"<p>Dimenzija : 90*90*240mm<br \/>\nMaterijal : K2K\/e &#8211; sme\u0111i kraftliner<br \/>\nPakiranje : 25 kom.<br \/>\nNa\u010din izrade : \u0161tancana ambala\u017ea + ljepljenje pvc folije<br \/>\nMogu\u0107nost tiska<br \/>\nMogu\u0107nost ka\u0161iranja<\/p>\n","protected":false},"featured_media":3359,"template":"","meta":[],"product_brand":[],"product_cat":[154,26],"product_tag":[69,87,72,63,67,75,86,85,84,74,65,73],"class_list":{"0":"post-12054","1":"product","2":"type-product","3":"status-publish","4":"has-post-thumbnail","6":"product_cat-kutije-za-rakije","7":"product_cat-ukrasne-poklon-kutije","8":"product_tag-ambalaza","9":"product_tag-ambalaza-za-pivo","10":"product_tag-ambalaza-za-vino","11":"product_tag-craft-pivo","12":"product_tag-kutija","13":"product_tag-kutije-za-butelje","14":"product_tag-kutije-za-craft-pivo","15":"product_tag-kutije-za-pive","16":"product_tag-kutije-za-pivo","17":"product_tag-kutije-za-vino","18":"product_tag-poklon-kutije","19":"product_tag-slozive-kutije","21":"first","22":"instock","23":"taxable","24":"shipping-taxable","25":"purchasable","26":"product-type-simple"},"_links":{"self":[{"href":"https:\/\/ambalaza-kartonska.com\/de\/wp-json\/wp\/v2\/product\/12054","targetHints":{"allow":["GET"]}}],"collection":[{"href":"https:\/\/ambalaza-kartonska.com\/de\/wp-json\/wp\/v2\/product"}],"about":[{"href":"https:\/\/ambalaza-kartonska.com\/de\/wp-json\/wp\/v2\/types\/product"}],"wp:featuredmedia":[{"embeddable":true,"href":"https:\/\/ambalaza-kartonska.com\/de\/wp-json\/wp\/v2\/media\/3359"}],"wp:attachment":[{"href":"https:\/\/ambalaza-kartonska.com\/de\/wp-json\/wp\/v2\/media?parent=12054"}],"wp:term":[{"taxonomy":"product_brand","embeddable":true,"href":"https:\/\/ambalaza-kartonska.com\/de\/wp-json\/wp\/v2\/product_brand?post=12054"},{"taxonomy":"product_cat","embeddable":true,"href":"https:\/\/ambalaza-kartonska.com\/de\/wp-json\/wp\/v2\/product_cat?post=12054"},{"taxonomy":"product_tag","embeddable":true,"href":"https:\/\/ambalaza-kartonska.com\/de\/wp-json\/wp\/v2\/product_tag?post=12054"}],"curies":[{"name":"wp","href":"https:\/\/api.w.org\/{rel}","templated":true}]}}